{"id":47639,"date":"2025-05-10T13:18:11","date_gmt":"2025-05-10T13:18:11","guid":{"rendered":"https:\/\/dripplug13.com\/product\/denim-trs-black-shorts\/"},"modified":"2025-05-14T07:07:45","modified_gmt":"2025-05-14T07:07:45","slug":"denim-trs-black-shorts","status":"publish","type":"product","link":"https:\/\/dripplug13.com\/?product=denim-trs-black-shorts","title":{"rendered":"Denim Trs Black Shorts"},"content":{"rendered":"<p data-mce-fragment=\"1\">TRS Mood. El mood del a\u00f1o. Si\u00e9ntete \u00fanico con nuestros Denim Trs Shorts\uf8ea<\/p>\n<p data-mce-fragment=\"1\">Detalles:<\/p>\n<ul data-mce-fragment=\"1\">\n<li data-mce-fragment=\"1\">100% algod\u00f3n premium<\/li>\n<\/ul>\n<ul data-mce-fragment=\"1\">\n<li data-mce-fragment=\"1\">Estilo streetwear<\/li>\n<\/ul>\n<ul data-mce-fragment=\"1\">\n<li data-mce-fragment=\"1\">Dise\u00f1o de m\u00e1xima calidad<\/li>\n<\/ul>\n<ul data-mce-fragment=\"1\">\n<li data-mce-fragment=\"1\">Unidades limitadas<\/li>\n<\/ul>\n","protected":false},"excerpt":{"rendered":"<p>TRS Mood. El mood del a\u00f1o. Si\u00e9ntete \u00fanico con nuestros Denim Trs Shorts\uf8ea Detalles: 100% algod\u00f3n premium Estilo streetwear Dise\u00f1o de m\u00e1xima calidad Unidades limitadas<\/p>\n","protected":false},"featured_media":47637,"template":"","meta":[],"product_brand":[],"product_cat":[200,15],"product_tag":[],"class_list":{"0":"post-47639","1":"product","2":"type-product","3":"status-publish","4":"has-post-thumbnail","6":"product_cat-denim-tears","7":"product_cat-uncategorized","9":"first","10":"instock","11":"sale","12":"shipping-taxable","13":"purchasable","14":"product-type-variable"},"aioseo_notices":[],"jetpack_sharing_enabled":true,"_links":{"self":[{"href":"https:\/\/dripplug13.com\/index.php?rest_route=\/wp\/v2\/product\/47639","targetHints":{"allow":["GET"]}}],"collection":[{"href":"https:\/\/dripplug13.com\/index.php?rest_route=\/wp\/v2\/product"}],"about":[{"href":"https:\/\/dripplug13.com\/index.php?rest_route=\/wp\/v2\/types\/product"}],"version-history":[{"count":1,"href":"https:\/\/dripplug13.com\/index.php?rest_route=\/wp\/v2\/product\/47639\/revisions"}],"predecessor-version":[{"id":48062,"href":"https:\/\/dripplug13.com\/index.php?rest_route=\/wp\/v2\/product\/47639\/revisions\/48062"}],"wp:featuredmedia":[{"embeddable":true,"href":"https:\/\/dripplug13.com\/index.php?rest_route=\/wp\/v2\/media\/47637"}],"wp:attachment":[{"href":"https:\/\/dripplug13.com\/index.php?rest_route=%2Fwp%2Fv2%2Fmedia&parent=47639"}],"wp:term":[{"taxonomy":"product_brand","embeddable":true,"href":"https:\/\/dripplug13.com\/index.php?rest_route=%2Fwp%2Fv2%2Fproduct_brand&post=47639"},{"taxonomy":"product_cat","embeddable":true,"href":"https:\/\/dripplug13.com\/index.php?rest_route=%2Fwp%2Fv2%2Fproduct_cat&post=47639"},{"taxonomy":"product_tag","embeddable":true,"href":"https:\/\/dripplug13.com\/index.php?rest_route=%2Fwp%2Fv2%2Fproduct_tag&post=47639"}],"curies":[{"name":"wp","href":"https:\/\/api.w.org\/{rel}","templated":true}]}}