{"id":47258,"date":"2025-05-10T13:08:33","date_gmt":"2025-05-10T13:08:33","guid":{"rendered":"https:\/\/dripplug13.com\/product\/denim-trs-sweatshirt-3\/"},"modified":"2025-05-14T07:06:13","modified_gmt":"2025-05-14T07:06:13","slug":"denim-trs-sweatshirt-3","status":"publish","type":"product","link":"https:\/\/dripplug13.com\/?product=denim-trs-sweatshirt-3","title":{"rendered":"Denim Trs Sweatshirt"},"content":{"rendered":"<p>TRS Mood. El mood del a\u00f1o. Si\u00e9ntete \u00fanico con nuestra Denim Trs Sweatshirt\uf8ea<\/p>\n<p>Detalles:\u00a0<\/p>\n<ul>\n<li>100% algod\u00f3n premium<\/li>\n<\/ul>\n<ul>\n<li>Logotipos bordados<\/li>\n<\/ul>\n<ul>\n<li>Dise\u00f1o m\u00e1xima calidad<\/li>\n<\/ul>\n<ul>\n<li>Unidades limitadas<\/li>\n<\/ul>\n","protected":false},"excerpt":{"rendered":"<p>TRS Mood. El mood del a\u00f1o. Si\u00e9ntete \u00fanico con nuestra Denim Trs Sweatshirt\uf8ea Detalles:\u00a0 100% algod\u00f3n premium Logotipos bordados Dise\u00f1o m\u00e1xima calidad Unidades limitadas<\/p>\n","protected":false},"featured_media":47253,"template":"","meta":[],"product_brand":[],"product_cat":[200,15],"product_tag":[],"class_list":{"0":"post-47258","1":"product","2":"type-product","3":"status-publish","4":"has-post-thumbnail","6":"product_cat-denim-tears","7":"product_cat-uncategorized","9":"first","10":"instock","11":"sale","12":"shipping-taxable","13":"purchasable","14":"product-type-variable"},"aioseo_notices":[],"jetpack_sharing_enabled":true,"_links":{"self":[{"href":"https:\/\/dripplug13.com\/index.php?rest_route=\/wp\/v2\/product\/47258","targetHints":{"allow":["GET"]}}],"collection":[{"href":"https:\/\/dripplug13.com\/index.php?rest_route=\/wp\/v2\/product"}],"about":[{"href":"https:\/\/dripplug13.com\/index.php?rest_route=\/wp\/v2\/types\/product"}],"version-history":[{"count":1,"href":"https:\/\/dripplug13.com\/index.php?rest_route=\/wp\/v2\/product\/47258\/revisions"}],"predecessor-version":[{"id":48093,"href":"https:\/\/dripplug13.com\/index.php?rest_route=\/wp\/v2\/product\/47258\/revisions\/48093"}],"wp:featuredmedia":[{"embeddable":true,"href":"https:\/\/dripplug13.com\/index.php?rest_route=\/wp\/v2\/media\/47253"}],"wp:attachment":[{"href":"https:\/\/dripplug13.com\/index.php?rest_route=%2Fwp%2Fv2%2Fmedia&parent=47258"}],"wp:term":[{"taxonomy":"product_brand","embeddable":true,"href":"https:\/\/dripplug13.com\/index.php?rest_route=%2Fwp%2Fv2%2Fproduct_brand&post=47258"},{"taxonomy":"product_cat","embeddable":true,"href":"https:\/\/dripplug13.com\/index.php?rest_route=%2Fwp%2Fv2%2Fproduct_cat&post=47258"},{"taxonomy":"product_tag","embeddable":true,"href":"https:\/\/dripplug13.com\/index.php?rest_route=%2Fwp%2Fv2%2Fproduct_tag&post=47258"}],"curies":[{"name":"wp","href":"https:\/\/api.w.org\/{rel}","templated":true}]}}