{"id":46886,"date":"2025-05-10T12:52:49","date_gmt":"2025-05-10T12:52:49","guid":{"rendered":"https:\/\/dripplug13.com\/product\/ami-shorts-9\/"},"modified":"2025-05-14T07:09:01","modified_gmt":"2025-05-14T07:09:01","slug":"ami-shorts-9","status":"publish","type":"product","link":"https:\/\/dripplug13.com\/?product=ami-shorts-9","title":{"rendered":"Ami Shorts"},"content":{"rendered":"<p>Ami Mood. El mood del a\u00f1o. Si\u00e9ntete \u00fanico con nuestros Ami shorts\uf8ea<\/p>\n<p>Detalles:\u00a0<\/p>\n<ul>\n<li>100% algod\u00f3n premium<\/li>\n<\/ul>\n<ul>\n<li>Estilo streewtwear<\/li>\n<\/ul>\n<ul>\n<li>Dise\u00f1o m\u00e1xima calidad<\/li>\n<\/ul>\n<ul>\n<li>Unidades limitadas\u00a0<\/li>\n<\/ul>\n","protected":false},"excerpt":{"rendered":"<p>Ami Mood. El mood del a\u00f1o. Si\u00e9ntete \u00fanico con nuestros Ami shorts\uf8ea Detalles:\u00a0 100% algod\u00f3n premium Estilo streewtwear Dise\u00f1o m\u00e1xima calidad Unidades limitadas\u00a0<\/p>\n","protected":false},"featured_media":46880,"template":"","meta":[],"product_brand":[],"product_cat":[201,15],"product_tag":[],"class_list":{"0":"post-46886","1":"product","2":"type-product","3":"status-publish","4":"has-post-thumbnail","6":"product_cat-ami-paris","7":"product_cat-uncategorized","9":"first","10":"instock","11":"sale","12":"shipping-taxable","13":"purchasable","14":"product-type-variable"},"aioseo_notices":[],"jetpack_sharing_enabled":true,"_links":{"self":[{"href":"https:\/\/dripplug13.com\/index.php?rest_route=\/wp\/v2\/product\/46886","targetHints":{"allow":["GET"]}}],"collection":[{"href":"https:\/\/dripplug13.com\/index.php?rest_route=\/wp\/v2\/product"}],"about":[{"href":"https:\/\/dripplug13.com\/index.php?rest_route=\/wp\/v2\/types\/product"}],"version-history":[{"count":1,"href":"https:\/\/dripplug13.com\/index.php?rest_route=\/wp\/v2\/product\/46886\/revisions"}],"predecessor-version":[{"id":46997,"href":"https:\/\/dripplug13.com\/index.php?rest_route=\/wp\/v2\/product\/46886\/revisions\/46997"}],"wp:featuredmedia":[{"embeddable":true,"href":"https:\/\/dripplug13.com\/index.php?rest_route=\/wp\/v2\/media\/46880"}],"wp:attachment":[{"href":"https:\/\/dripplug13.com\/index.php?rest_route=%2Fwp%2Fv2%2Fmedia&parent=46886"}],"wp:term":[{"taxonomy":"product_brand","embeddable":true,"href":"https:\/\/dripplug13.com\/index.php?rest_route=%2Fwp%2Fv2%2Fproduct_brand&post=46886"},{"taxonomy":"product_cat","embeddable":true,"href":"https:\/\/dripplug13.com\/index.php?rest_route=%2Fwp%2Fv2%2Fproduct_cat&post=46886"},{"taxonomy":"product_tag","embeddable":true,"href":"https:\/\/dripplug13.com\/index.php?rest_route=%2Fwp%2Fv2%2Fproduct_tag&post=46886"}],"curies":[{"name":"wp","href":"https:\/\/api.w.org\/{rel}","templated":true}]}}