{"id":46448,"date":"2025-05-10T12:37:43","date_gmt":"2025-05-10T12:37:43","guid":{"rendered":"https:\/\/dripplug13.com\/product\/ami-grey-puffer\/"},"modified":"2025-05-14T07:12:06","modified_gmt":"2025-05-14T07:12:06","slug":"ami-grey-puffer","status":"publish","type":"product","link":"https:\/\/dripplug13.com\/?product=ami-grey-puffer","title":{"rendered":"Ami Grey Puffer"},"content":{"rendered":"<p>Ami Mood. El mood del a\u00f1o. Si\u00e9ntete \u00fanico con nuestro Ami Puffer\uf8ea<\/p>\n<p>Detalles:\u00a0<\/p>\n<ul>\n<li>100% algod\u00f3n premium<\/li>\n<\/ul>\n<ul>\n<li>Estilo streewtwear<\/li>\n<\/ul>\n<ul>\n<li>Dise\u00f1o m\u00e1xima calidad<\/li>\n<\/ul>\n<ul>\n<li>Unidades limitadas\u00a0<\/li>\n<\/ul>\n","protected":false},"excerpt":{"rendered":"<p>Ami Mood. El mood del a\u00f1o. Si\u00e9ntete \u00fanico con nuestro Ami Puffer\uf8ea Detalles:\u00a0 100% algod\u00f3n premium Estilo streewtwear Dise\u00f1o m\u00e1xima calidad Unidades limitadas\u00a0<\/p>\n","protected":false},"featured_media":46446,"template":"","meta":[],"product_brand":[],"product_cat":[201,15],"product_tag":[],"class_list":{"0":"post-46448","1":"product","2":"type-product","3":"status-publish","4":"has-post-thumbnail","6":"product_cat-ami-paris","7":"product_cat-uncategorized","9":"first","10":"instock","11":"sale","12":"shipping-taxable","13":"purchasable","14":"product-type-variable"},"aioseo_notices":[],"jetpack_sharing_enabled":true,"_links":{"self":[{"href":"https:\/\/dripplug13.com\/index.php?rest_route=\/wp\/v2\/product\/46448","targetHints":{"allow":["GET"]}}],"collection":[{"href":"https:\/\/dripplug13.com\/index.php?rest_route=\/wp\/v2\/product"}],"about":[{"href":"https:\/\/dripplug13.com\/index.php?rest_route=\/wp\/v2\/types\/product"}],"version-history":[{"count":1,"href":"https:\/\/dripplug13.com\/index.php?rest_route=\/wp\/v2\/product\/46448\/revisions"}],"predecessor-version":[{"id":47064,"href":"https:\/\/dripplug13.com\/index.php?rest_route=\/wp\/v2\/product\/46448\/revisions\/47064"}],"wp:featuredmedia":[{"embeddable":true,"href":"https:\/\/dripplug13.com\/index.php?rest_route=\/wp\/v2\/media\/46446"}],"wp:attachment":[{"href":"https:\/\/dripplug13.com\/index.php?rest_route=%2Fwp%2Fv2%2Fmedia&parent=46448"}],"wp:term":[{"taxonomy":"product_brand","embeddable":true,"href":"https:\/\/dripplug13.com\/index.php?rest_route=%2Fwp%2Fv2%2Fproduct_brand&post=46448"},{"taxonomy":"product_cat","embeddable":true,"href":"https:\/\/dripplug13.com\/index.php?rest_route=%2Fwp%2Fv2%2Fproduct_cat&post=46448"},{"taxonomy":"product_tag","embeddable":true,"href":"https:\/\/dripplug13.com\/index.php?rest_route=%2Fwp%2Fv2%2Fproduct_tag&post=46448"}],"curies":[{"name":"wp","href":"https:\/\/api.w.org\/{rel}","templated":true}]}}