{"id":45751,"date":"2025-05-10T12:12:19","date_gmt":"2025-05-10T12:12:19","guid":{"rendered":"https:\/\/dripplug13.com\/product\/stone-monochromatic-t-shirt-15\/"},"modified":"2025-05-10T12:12:22","modified_gmt":"2025-05-10T12:12:22","slug":"stone-monochromatic-t-shirt-15","status":"publish","type":"product","link":"https:\/\/dripplug13.com\/?product=stone-monochromatic-t-shirt-15","title":{"rendered":"Stone Monochromatic T-shirt"},"content":{"rendered":"<p>Island Mood. El mood del a\u00f1o. Si\u00e9ntete \u00fanico con nuestros Stone Monogram T-shirt\uf8ea<\/p>\n<p>Detalles:\u00a0<\/p>\n<ul>\n<li>\n<p>Algod\u00f3n premium<\/p>\n<\/li>\n<\/ul>\n<ul>\n<li>\n<p>Estilo streewtwear<\/p>\n<\/li>\n<\/ul>\n<ul>\n<li>\n<p>Dise\u00f1o m\u00e1xima calidad<\/p>\n<\/li>\n<\/ul>\n<ul>\n<li>\n<p>Unidades limitadas<\/p>\n<\/li>\n<\/ul>\n","protected":false},"excerpt":{"rendered":"<p>Island Mood. El mood del a\u00f1o. Si\u00e9ntete \u00fanico con nuestros Stone Monogram T-shirt\uf8ea Detalles:\u00a0 Algod\u00f3n premium Estilo streewtwear Dise\u00f1o m\u00e1xima calidad Unidades limitadas<\/p>\n","protected":false},"featured_media":45747,"template":"","meta":[],"product_brand":[],"product_cat":[15],"product_tag":[],"class_list":{"0":"post-45751","1":"product","2":"type-product","3":"status-publish","4":"has-post-thumbnail","6":"product_cat-uncategorized","8":"first","9":"instock","10":"sale","11":"shipping-taxable","12":"purchasable","13":"product-type-variable"},"aioseo_notices":[],"jetpack_sharing_enabled":true,"_links":{"self":[{"href":"https:\/\/dripplug13.com\/index.php?rest_route=\/wp\/v2\/product\/45751","targetHints":{"allow":["GET"]}}],"collection":[{"href":"https:\/\/dripplug13.com\/index.php?rest_route=\/wp\/v2\/product"}],"about":[{"href":"https:\/\/dripplug13.com\/index.php?rest_route=\/wp\/v2\/types\/product"}],"version-history":[{"count":0,"href":"https:\/\/dripplug13.com\/index.php?rest_route=\/wp\/v2\/product\/45751\/revisions"}],"wp:featuredmedia":[{"embeddable":true,"href":"https:\/\/dripplug13.com\/index.php?rest_route=\/wp\/v2\/media\/45747"}],"wp:attachment":[{"href":"https:\/\/dripplug13.com\/index.php?rest_route=%2Fwp%2Fv2%2Fmedia&parent=45751"}],"wp:term":[{"taxonomy":"product_brand","embeddable":true,"href":"https:\/\/dripplug13.com\/index.php?rest_route=%2Fwp%2Fv2%2Fproduct_brand&post=45751"},{"taxonomy":"product_cat","embeddable":true,"href":"https:\/\/dripplug13.com\/index.php?rest_route=%2Fwp%2Fv2%2Fproduct_cat&post=45751"},{"taxonomy":"product_tag","embeddable":true,"href":"https:\/\/dripplug13.com\/index.php?rest_route=%2Fwp%2Fv2%2Fproduct_tag&post=45751"}],"curies":[{"name":"wp","href":"https:\/\/api.w.org\/{rel}","templated":true}]}}