{"id":44930,"date":"2025-05-10T11:50:40","date_gmt":"2025-05-10T11:50:40","guid":{"rendered":"https:\/\/dripplug13.com\/product\/decoded-2-0-blue-secret-tracksuit\/"},"modified":"2025-05-10T12:18:27","modified_gmt":"2025-05-10T12:18:27","slug":"decoded-2-0-blue-secret-tracksuit","status":"publish","type":"product","link":"https:\/\/dripplug13.com\/?product=decoded-2-0-blue-secret-tracksuit","title":{"rendered":"Decoded 2.0 Blue Secret Tracksuit"},"content":{"rendered":"<p>Trapstar Mood. El mood del a\u00f1o. Si\u00e9ntete \u00fanico con nuestro Decoded 2.0 Hooded Blue Tracksuit.<\/p>\n<p data-mce-fragment=\"1\">Detalles:\u00a0<\/p>\n<ul data-mce-fragment=\"1\">\n<li data-mce-fragment=\"1\">100% algod\u00f3n premium<\/li>\n<\/ul>\n<ul data-mce-fragment=\"1\">\n<li data-mce-fragment=\"1\">Logotipo bordado<\/li>\n<\/ul>\n<ul data-mce-fragment=\"1\">\n<li data-mce-fragment=\"1\">Dise\u00f1o m\u00e1xima calidad<\/li>\n<\/ul>\n<ul data-mce-fragment=\"1\">\n<li data-mce-fragment=\"1\">Unidades limitadas<\/li>\n<\/ul>\n","protected":false},"excerpt":{"rendered":"<p>Trapstar Mood. El mood del a\u00f1o. Si\u00e9ntete \u00fanico con nuestro Decoded 2.0 Hooded Blue Tracksuit. Detalles:\u00a0 100% algod\u00f3n premium Logotipo bordado Dise\u00f1o m\u00e1xima calidad Unidades limitadas<\/p>\n","protected":false},"featured_media":44923,"template":"","meta":[],"product_brand":[],"product_cat":[202,199,15],"product_tag":[],"class_list":{"0":"post-44930","1":"product","2":"type-product","3":"status-publish","4":"has-post-thumbnail","6":"product_cat-stone-island","7":"product_cat-trapstar","8":"product_cat-uncategorized","10":"first","11":"instock","12":"sale","13":"shipping-taxable","14":"purchasable","15":"product-type-variable"},"aioseo_notices":[],"jetpack_sharing_enabled":true,"_links":{"self":[{"href":"https:\/\/dripplug13.com\/index.php?rest_route=\/wp\/v2\/product\/44930","targetHints":{"allow":["GET"]}}],"collection":[{"href":"https:\/\/dripplug13.com\/index.php?rest_route=\/wp\/v2\/product"}],"about":[{"href":"https:\/\/dripplug13.com\/index.php?rest_route=\/wp\/v2\/types\/product"}],"version-history":[{"count":1,"href":"https:\/\/dripplug13.com\/index.php?rest_route=\/wp\/v2\/product\/44930\/revisions"}],"predecessor-version":[{"id":45009,"href":"https:\/\/dripplug13.com\/index.php?rest_route=\/wp\/v2\/product\/44930\/revisions\/45009"}],"wp:featuredmedia":[{"embeddable":true,"href":"https:\/\/dripplug13.com\/index.php?rest_route=\/wp\/v2\/media\/44923"}],"wp:attachment":[{"href":"https:\/\/dripplug13.com\/index.php?rest_route=%2Fwp%2Fv2%2Fmedia&parent=44930"}],"wp:term":[{"taxonomy":"product_brand","embeddable":true,"href":"https:\/\/dripplug13.com\/index.php?rest_route=%2Fwp%2Fv2%2Fproduct_brand&post=44930"},{"taxonomy":"product_cat","embeddable":true,"href":"https:\/\/dripplug13.com\/index.php?rest_route=%2Fwp%2Fv2%2Fproduct_cat&post=44930"},{"taxonomy":"product_tag","embeddable":true,"href":"https:\/\/dripplug13.com\/index.php?rest_route=%2Fwp%2Fv2%2Fproduct_tag&post=44930"}],"curies":[{"name":"wp","href":"https:\/\/api.w.org\/{rel}","templated":true}]}}