{"id":44812,"date":"2025-05-10T11:47:30","date_gmt":"2025-05-10T11:47:30","guid":{"rendered":"https:\/\/dripplug13.com\/product\/irongate-t-dazzling-windbreaker\/"},"modified":"2025-05-10T12:18:34","modified_gmt":"2025-05-10T12:18:34","slug":"irongate-t-dazzling-windbreaker","status":"publish","type":"product","link":"https:\/\/dripplug13.com\/?product=irongate-t-dazzling-windbreaker","title":{"rendered":"Irongate T Dazzling Windbreaker"},"content":{"rendered":"<p data-mce-fragment=\"1\">Starlife Mood. El mood del a\u00f1o. Si\u00e9ntete \u00fanico con nuestro Irongate T Dazzling Windbreaker\uf8ea<span data-mce-fragment=\"1\">\ud83e\udd77\ud83c\udffd<\/span>.<\/p>\n<p data-mce-fragment=\"1\">Detalles:\u00a0<\/p>\n<ul data-mce-fragment=\"1\">\n<li data-mce-fragment=\"1\">100% Algod\u00f3n Premium<\/li>\n<\/ul>\n<ul data-mce-fragment=\"1\">\n<li data-mce-fragment=\"1\">Logotipos bordados<\/li>\n<\/ul>\n<ul data-mce-fragment=\"1\">\n<li data-mce-fragment=\"1\">Estilo streetwear<\/li>\n<\/ul>\n<ul data-mce-fragment=\"1\">\n<li data-mce-fragment=\"1\">Dise\u00f1o alta calidad<\/li>\n<\/ul>\n<ul data-mce-fragment=\"1\">\n<li data-mce-fragment=\"1\">Unidades limitadas\u00a0<\/li>\n<\/ul>\n<p data-mce-fragment=\"1\">\u00a0<\/p>\n<p data-mce-fragment=\"1\">Gu\u00eda de tallas<\/p>\n<div data-mce-fragment=\"1\">\n<table style=\"width: 566px\" data-mce-fragment=\"1\" data-mce-style=\"width: 566px;\">\n<tbody data-mce-fragment=\"1\">\n<tr data-mce-fragment=\"1\">\n<td style=\"text-align: center;width: 207px\" data-mce-fragment=\"1\" data-mce-style=\"text-align: center; width: 207px;\">\n<strong data-mce-fragment=\"1\">Talla<\/strong><span data-mce-fragment=\"1\"><\/span>\n<\/td>\n<td style=\"text-align: center;width: 56px\" data-mce-fragment=\"1\" data-mce-style=\"text-align: center; width: 56px;\"><strong data-mce-fragment=\"1\">XS<\/strong><\/td>\n<td style=\"text-align: center;width: 59px\" data-mce-fragment=\"1\" data-mce-style=\"text-align: center; width: 59px;\"><b data-mce-fragment=\"1\">S<\/b><\/td>\n<td style=\"text-align: center;width: 61px\" data-mce-fragment=\"1\" data-mce-style=\"text-align: center; width: 61px;\"><b data-mce-fragment=\"1\">M<\/b><\/td>\n<td style=\"text-align: center;width: 64.90625px\" data-mce-fragment=\"1\" data-mce-style=\"text-align: center; width: 64.90625px;\"><b data-mce-fragment=\"1\">L<\/b><\/td>\n<td style=\"text-align: center;width: 63.09375px\" data-mce-fragment=\"1\" data-mce-style=\"text-align: center; width: 63.09375px;\"><b data-mce-fragment=\"1\">XL<\/b><\/td>\n<\/tr>\n<tr data-mce-fragment=\"1\">\n<td style=\"text-align: center;width: 207px\" data-mce-fragment=\"1\" data-mce-style=\"text-align: center; width: 207px;\"><strong data-mce-fragment=\"1\">Longitud (cm)<\/strong><\/td>\n<td style=\"text-align: center;width: 56px\" data-mce-fragment=\"1\" data-mce-style=\"text-align: center; width: 56px;\">67<br data-mce-fragment=\"1\">\n<\/td>\n<td style=\"text-align: center;width: 59px\" data-mce-fragment=\"1\" data-mce-style=\"text-align: center; width: 59px;\">69<br data-mce-fragment=\"1\">\n<\/td>\n<td style=\"text-align: center;width: 61px\" data-mce-fragment=\"1\" data-mce-style=\"text-align: center; width: 61px;\">71<br data-mce-fragment=\"1\">\n<\/td>\n<td style=\"text-align: center;width: 64.90625px\" data-mce-fragment=\"1\" data-mce-style=\"text-align: center; width: 64.90625px;\">73<br data-mce-fragment=\"1\">\n<\/td>\n<td style=\"text-align: center;width: 63.09375px\" data-mce-fragment=\"1\" data-mce-style=\"text-align: center; width: 63.09375px;\">75<\/td>\n<\/tr>\n<tr data-mce-fragment=\"1\">\n<td style=\"text-align: center;width: 207px\" data-mce-fragment=\"1\" data-mce-style=\"text-align: center; width: 207px;\"><strong data-mce-fragment=\"1\">Anchura de hombros (cm)<\/strong><\/td>\n<td style=\"text-align: center;width: 56px\" data-mce-fragment=\"1\" data-mce-style=\"text-align: center; width: 56px;\">107<br data-mce-fragment=\"1\">\n<\/td>\n<td style=\"text-align: center;width: 59px\" data-mce-fragment=\"1\" data-mce-style=\"text-align: center; width: 59px;\">112<br data-mce-fragment=\"1\">\n<\/td>\n<td style=\"text-align: center;width: 61px\" data-mce-fragment=\"1\" data-mce-style=\"text-align: center; width: 61px;\">117<br data-mce-fragment=\"1\">\n<\/td>\n<td style=\"text-align: center;width: 64.90625px\" data-mce-fragment=\"1\" data-mce-style=\"text-align: center; width: 64.90625px;\">122<br data-mce-fragment=\"1\">\n<\/td>\n<td style=\"text-align: center;width: 63.09375px\" data-mce-fragment=\"1\" data-mce-style=\"text-align: center; width: 63.09375px;\">127<\/td>\n<\/tr>\n<\/tbody>\n<\/table>\n<\/div>\n","protected":false},"excerpt":{"rendered":"<p>Starlife Mood. El mood del a\u00f1o. Si\u00e9ntete \u00fanico con nuestro Irongate T Dazzling Windbreaker\uf8ea\ud83e\udd77\ud83c\udffd. Detalles:\u00a0 100% Algod\u00f3n Premium Logotipos bordados Estilo streetwear Dise\u00f1o alta calidad Unidades limitadas\u00a0 \u00a0 Gu\u00eda de tallas Talla XS S M L XL Longitud (cm) 67 69 71 73 75 Anchura de hombros (cm) 107 112 117 122 127<\/p>\n","protected":false},"featured_media":44802,"template":"","meta":[],"product_brand":[],"product_cat":[202,199,15],"product_tag":[],"class_list":{"0":"post-44812","1":"product","2":"type-product","3":"status-publish","4":"has-post-thumbnail","6":"product_cat-stone-island","7":"product_cat-trapstar","8":"product_cat-uncategorized","10":"first","11":"instock","12":"sale","13":"shipping-taxable","14":"purchasable","15":"product-type-variable"},"aioseo_notices":[],"jetpack_sharing_enabled":true,"_links":{"self":[{"href":"https:\/\/dripplug13.com\/index.php?rest_route=\/wp\/v2\/product\/44812","targetHints":{"allow":["GET"]}}],"collection":[{"href":"https:\/\/dripplug13.com\/index.php?rest_route=\/wp\/v2\/product"}],"about":[{"href":"https:\/\/dripplug13.com\/index.php?rest_route=\/wp\/v2\/types\/product"}],"version-history":[{"count":1,"href":"https:\/\/dripplug13.com\/index.php?rest_route=\/wp\/v2\/product\/44812\/revisions"}],"predecessor-version":[{"id":45207,"href":"https:\/\/dripplug13.com\/index.php?rest_route=\/wp\/v2\/product\/44812\/revisions\/45207"}],"wp:featuredmedia":[{"embeddable":true,"href":"https:\/\/dripplug13.com\/index.php?rest_route=\/wp\/v2\/media\/44802"}],"wp:attachment":[{"href":"https:\/\/dripplug13.com\/index.php?rest_route=%2Fwp%2Fv2%2Fmedia&parent=44812"}],"wp:term":[{"taxonomy":"product_brand","embeddable":true,"href":"https:\/\/dripplug13.com\/index.php?rest_route=%2Fwp%2Fv2%2Fproduct_brand&post=44812"},{"taxonomy":"product_cat","embeddable":true,"href":"https:\/\/dripplug13.com\/index.php?rest_route=%2Fwp%2Fv2%2Fproduct_cat&post=44812"},{"taxonomy":"product_tag","embeddable":true,"href":"https:\/\/dripplug13.com\/index.php?rest_route=%2Fwp%2Fv2%2Fproduct_tag&post=44812"}],"curies":[{"name":"wp","href":"https:\/\/api.w.org\/{rel}","templated":true}]}}