{"id":44694,"date":"2025-05-10T11:43:41","date_gmt":"2025-05-10T11:43:41","guid":{"rendered":"https:\/\/dripplug13.com\/product\/v-stripe-hooded-sky-blue-tracksuit\/"},"modified":"2025-05-10T12:18:39","modified_gmt":"2025-05-10T12:18:39","slug":"v-stripe-hooded-sky-blue-tracksuit","status":"publish","type":"product","link":"https:\/\/dripplug13.com\/?product=v-stripe-hooded-sky-blue-tracksuit","title":{"rendered":"V-Stripe Hooded Sky Blue Tracksuit"},"content":{"rendered":"<p>Starlife Mood. El mood del a\u00f1o. Si\u00e9ntete \u00fanico con nuestro V-Stripe Hooded Sky Blue Tracksuit\uf8ea\ud83e\udd77\ud83c\udffd.<\/p>\n<p>Detalles:\u00a0<\/p>\n<ul>\n<li>100% Algod\u00f3n Premium<\/li>\n<\/ul>\n<ul>\n<li>Logotipo bordado<\/li>\n<\/ul>\n<ul>\n<li>Dise\u00f1o alta calidad<\/li>\n<\/ul>\n<ul>\n<li>Unidades limitadas<\/li>\n<\/ul>\n<p><\/p>\n<p>Gu\u00eda de tallas<\/p>\n<table style=\"width: 519px;margin-left: auto;margin-right: auto\">\n<tbody>\n<tr style=\"height: 22px\">\n<td style=\"width: 190px;text-align: center;height: 22px\">\n<div style=\"text-align: center\"><strong>Talla<\/strong><\/div>\n<\/td>\n<td style=\"width: 59px;text-align: center;height: 22px\">\n<div style=\"text-align: center\"><strong>S<\/strong><\/div>\n<\/td>\n<td style=\"width: 70px;text-align: center;height: 22px\">\n<div style=\"text-align: center\"><strong>M<\/strong><\/div>\n<\/td>\n<td style=\"width: 73.390625px;text-align: center;height: 22px\">\n<div><strong>L<\/strong><\/div>\n<\/td>\n<td style=\"width: 80.609375px;text-align: center;height: 22px\">\n<div style=\"text-align: center\"><strong>XL<\/strong><\/div>\n<\/td>\n<\/tr>\n<tr style=\"height: 32px\">\n<td style=\"width: 190px;text-align: center;height: 32px\">\n<div style=\"text-align: center\"><strong>Longitud (cm)<\/strong><\/div>\n<\/td>\n<td style=\"width: 59px;text-align: center;height: 32px\">\n<div style=\"text-align: center\">70<\/div>\n<\/td>\n<td style=\"width: 70px;text-align: center;height: 32px\">\n<div style=\"text-align: center\">72<\/div>\n<\/td>\n<td style=\"width: 73.390625px;text-align: center;height: 32px\">\n<div style=\"text-align: center\">74<\/div>\n<\/td>\n<td style=\"width: 80.609375px;text-align: center;height: 32px\">\n<div style=\"text-align: center\">76<\/div>\n<\/td>\n<\/tr>\n<tr style=\"height: 34px\">\n<td style=\"width: 190px;text-align: center;height: 34px\">\n<div style=\"text-align: center\"><strong>Anchura de hombros (cm)<\/strong><\/div>\n<\/td>\n<td style=\"width: 59px;text-align: center;height: 34px\">\n<div style=\"text-align: center\">44<\/div>\n<\/td>\n<td style=\"width: 70px;text-align: center;height: 34px\">\n<div style=\"text-align: center\">47<\/div>\n<\/td>\n<td style=\"width: 73.390625px;text-align: center;height: 34px\">\n<div style=\"text-align: center\">50<\/div>\n<\/td>\n<td style=\"width: 80.609375px;text-align: center;height: 34px\">\n<div style=\"text-align: center\">53<\/div>\n<\/td>\n<\/tr>\n<\/tbody>\n<\/table>\n","protected":false},"excerpt":{"rendered":"<p>Starlife Mood. El mood del a\u00f1o. Si\u00e9ntete \u00fanico con nuestro V-Stripe Hooded Sky Blue Tracksuit\uf8ea\ud83e\udd77\ud83c\udffd. Detalles:\u00a0 100% Algod\u00f3n Premium Logotipo bordado Dise\u00f1o alta calidad Unidades limitadas Gu\u00eda de tallas Talla S M L XL Longitud (cm) 70 72 74 76 Anchura de hombros (cm) 44 47 50 53<\/p>\n","protected":false},"featured_media":44693,"template":"","meta":[],"product_brand":[],"product_cat":[202,199,15],"product_tag":[],"class_list":{"0":"post-44694","1":"product","2":"type-product","3":"status-publish","4":"has-post-thumbnail","6":"product_cat-stone-island","7":"product_cat-trapstar","8":"product_cat-uncategorized","10":"first","11":"instock","12":"sale","13":"shipping-taxable","14":"purchasable","15":"product-type-variable"},"aioseo_notices":[],"jetpack_sharing_enabled":true,"_links":{"self":[{"href":"https:\/\/dripplug13.com\/index.php?rest_route=\/wp\/v2\/product\/44694","targetHints":{"allow":["GET"]}}],"collection":[{"href":"https:\/\/dripplug13.com\/index.php?rest_route=\/wp\/v2\/product"}],"about":[{"href":"https:\/\/dripplug13.com\/index.php?rest_route=\/wp\/v2\/types\/product"}],"version-history":[{"count":1,"href":"https:\/\/dripplug13.com\/index.php?rest_route=\/wp\/v2\/product\/44694\/revisions"}],"predecessor-version":[{"id":45213,"href":"https:\/\/dripplug13.com\/index.php?rest_route=\/wp\/v2\/product\/44694\/revisions\/45213"}],"wp:featuredmedia":[{"embeddable":true,"href":"https:\/\/dripplug13.com\/index.php?rest_route=\/wp\/v2\/media\/44693"}],"wp:attachment":[{"href":"https:\/\/dripplug13.com\/index.php?rest_route=%2Fwp%2Fv2%2Fmedia&parent=44694"}],"wp:term":[{"taxonomy":"product_brand","embeddable":true,"href":"https:\/\/dripplug13.com\/index.php?rest_route=%2Fwp%2Fv2%2Fproduct_brand&post=44694"},{"taxonomy":"product_cat","embeddable":true,"href":"https:\/\/dripplug13.com\/index.php?rest_route=%2Fwp%2Fv2%2Fproduct_cat&post=44694"},{"taxonomy":"product_tag","embeddable":true,"href":"https:\/\/dripplug13.com\/index.php?rest_route=%2Fwp%2Fv2%2Fproduct_tag&post=44694"}],"curies":[{"name":"wp","href":"https:\/\/api.w.org\/{rel}","templated":true}]}}