{"id":44454,"date":"2025-05-10T11:37:28","date_gmt":"2025-05-10T11:37:28","guid":{"rendered":"https:\/\/dripplug13.com\/product\/decoded-2-0-hooded-puffer-jacket\/"},"modified":"2025-05-10T12:18:50","modified_gmt":"2025-05-10T12:18:50","slug":"decoded-2-0-hooded-puffer-jacket","status":"publish","type":"product","link":"https:\/\/dripplug13.com\/?product=decoded-2-0-hooded-puffer-jacket","title":{"rendered":"Decoded 2.0 Hooded Puffer Jacket"},"content":{"rendered":"<p data-mce-fragment=\"1\">Starlife Mood. El mood del a\u00f1o. Si\u00e9ntete \u00fanico con nuestra Decoded 2.0 Hooded Puffer Jacket\uf8ea<span data-mce-fragment=\"1\">\ud83e\udd77\ud83c\udffd<\/span><\/p>\n<p data-mce-fragment=\"1\">Detalles:\u00a0<\/p>\n<ul data-mce-fragment=\"1\">\n<li data-mce-fragment=\"1\">100% algod\u00f3n Premium<\/li>\n<\/ul>\n<ul data-mce-fragment=\"1\">\n<li data-mce-fragment=\"1\">Logotipos bordados<\/li>\n<\/ul>\n<ul data-mce-fragment=\"1\">\n<li data-mce-fragment=\"1\">Estilo streetwear<\/li>\n<\/ul>\n<ul data-mce-fragment=\"1\">\n<li data-mce-fragment=\"1\">Dise\u00f1o m\u00e1xima calidad<\/li>\n<\/ul>\n<ul data-mce-fragment=\"1\">\n<li data-mce-fragment=\"1\">Unidades limitadas\u00a0<\/li>\n<\/ul>\n<p data-mce-fragment=\"1\">\u00a0<\/p>\n<p data-mce-fragment=\"1\">Gu\u00eda de tallas<\/p>\n<div data-mce-fragment=\"1\">\n<table data-mce-fragment=\"1\" style=\"width: 561px\">\n<tbody data-mce-fragment=\"1\">\n<tr data-mce-fragment=\"1\">\n<td data-mce-fragment=\"1\" style=\"text-align: center;width: 185.90625px\">\n<strong data-mce-fragment=\"1\">Talla<\/strong><span data-mce-fragment=\"1\"><\/span>\n<\/td>\n<td data-mce-fragment=\"1\" style=\"text-align: center;width: 65.25px\"><strong data-mce-fragment=\"1\">XS<\/strong><\/td>\n<td data-mce-fragment=\"1\" style=\"text-align: center;width: 67.21875px\"><b data-mce-fragment=\"1\">S<\/b><\/td>\n<td data-mce-fragment=\"1\" style=\"text-align: center;width: 66.21875px\"><b data-mce-fragment=\"1\">M<\/b><\/td>\n<td data-mce-fragment=\"1\" style=\"text-align: center;width: 59.09375px\"><b data-mce-fragment=\"1\">L<\/b><\/td>\n<td data-mce-fragment=\"1\" style=\"text-align: center;width: 63.3125px\"><b data-mce-fragment=\"1\">XL<\/b><\/td>\n<\/tr>\n<tr data-mce-fragment=\"1\">\n<td data-mce-fragment=\"1\" style=\"text-align: center;width: 185.90625px\"><strong data-mce-fragment=\"1\">Longitud (cm)<\/strong><\/td>\n<td data-mce-fragment=\"1\" style=\"text-align: center;width: 65.25px\">67<br data-mce-fragment=\"1\">\n<\/td>\n<td data-mce-fragment=\"1\" style=\"text-align: center;width: 67.21875px\">69<br data-mce-fragment=\"1\">\n<\/td>\n<td data-mce-fragment=\"1\" style=\"text-align: center;width: 66.21875px\">71<br data-mce-fragment=\"1\">\n<\/td>\n<td data-mce-fragment=\"1\" style=\"text-align: center;width: 59.09375px\">73<br data-mce-fragment=\"1\">\n<\/td>\n<td data-mce-fragment=\"1\" style=\"text-align: center;width: 63.3125px\">75<\/td>\n<\/tr>\n<tr data-mce-fragment=\"1\">\n<td data-mce-fragment=\"1\" style=\"text-align: center;width: 185.90625px\"><strong data-mce-fragment=\"1\">Anchura de hombros (cm)<\/strong><\/td>\n<td data-mce-fragment=\"1\" style=\"text-align: center;width: 65.25px\">107<br data-mce-fragment=\"1\">\n<\/td>\n<td data-mce-fragment=\"1\" style=\"text-align: center;width: 67.21875px\">112<br data-mce-fragment=\"1\">\n<\/td>\n<td data-mce-fragment=\"1\" style=\"text-align: center;width: 66.21875px\">117<br data-mce-fragment=\"1\">\n<\/td>\n<td data-mce-fragment=\"1\" style=\"text-align: center;width: 59.09375px\">122<br data-mce-fragment=\"1\">\n<\/td>\n<td data-mce-fragment=\"1\" style=\"text-align: center;width: 63.3125px\">127<\/td>\n<\/tr>\n<\/tbody>\n<\/table>\n<\/div>\n","protected":false},"excerpt":{"rendered":"<p>Starlife Mood. El mood del a\u00f1o. Si\u00e9ntete \u00fanico con nuestra Decoded 2.0 Hooded Puffer Jacket\uf8ea\ud83e\udd77\ud83c\udffd Detalles:\u00a0 100% algod\u00f3n Premium Logotipos bordados Estilo streetwear Dise\u00f1o m\u00e1xima calidad Unidades limitadas\u00a0 \u00a0 Gu\u00eda de tallas Talla XS S M L XL Longitud (cm) 67 69 71 73 75 Anchura de hombros (cm) 107 112 117 122 127<\/p>\n","protected":false},"featured_media":44447,"template":"","meta":[],"product_brand":[],"product_cat":[202,199,15],"product_tag":[],"class_list":{"0":"post-44454","1":"product","2":"type-product","3":"status-publish","4":"has-post-thumbnail","6":"product_cat-stone-island","7":"product_cat-trapstar","8":"product_cat-uncategorized","10":"first","11":"instock","12":"sale","13":"shipping-taxable","14":"purchasable","15":"product-type-variable"},"aioseo_notices":[],"jetpack_sharing_enabled":true,"_links":{"self":[{"href":"https:\/\/dripplug13.com\/index.php?rest_route=\/wp\/v2\/product\/44454","targetHints":{"allow":["GET"]}}],"collection":[{"href":"https:\/\/dripplug13.com\/index.php?rest_route=\/wp\/v2\/product"}],"about":[{"href":"https:\/\/dripplug13.com\/index.php?rest_route=\/wp\/v2\/types\/product"}],"version-history":[{"count":1,"href":"https:\/\/dripplug13.com\/index.php?rest_route=\/wp\/v2\/product\/44454\/revisions"}],"predecessor-version":[{"id":45224,"href":"https:\/\/dripplug13.com\/index.php?rest_route=\/wp\/v2\/product\/44454\/revisions\/45224"}],"wp:featuredmedia":[{"embeddable":true,"href":"https:\/\/dripplug13.com\/index.php?rest_route=\/wp\/v2\/media\/44447"}],"wp:attachment":[{"href":"https:\/\/dripplug13.com\/index.php?rest_route=%2Fwp%2Fv2%2Fmedia&parent=44454"}],"wp:term":[{"taxonomy":"product_brand","embeddable":true,"href":"https:\/\/dripplug13.com\/index.php?rest_route=%2Fwp%2Fv2%2Fproduct_brand&post=44454"},{"taxonomy":"product_cat","embeddable":true,"href":"https:\/\/dripplug13.com\/index.php?rest_route=%2Fwp%2Fv2%2Fproduct_cat&post=44454"},{"taxonomy":"product_tag","embeddable":true,"href":"https:\/\/dripplug13.com\/index.php?rest_route=%2Fwp%2Fv2%2Fproduct_tag&post=44454"}],"curies":[{"name":"wp","href":"https:\/\/api.w.org\/{rel}","templated":true}]}}