{"id":44351,"date":"2025-05-10T11:34:40","date_gmt":"2025-05-10T11:34:40","guid":{"rendered":"https:\/\/dripplug13.com\/product\/gradient-red-secret-tracksuit\/"},"modified":"2025-05-10T11:57:34","modified_gmt":"2025-05-10T11:57:34","slug":"gradient-red-secret-tracksuit","status":"publish","type":"product","link":"https:\/\/dripplug13.com\/?product=gradient-red-secret-tracksuit","title":{"rendered":"Gradient Red Secret Tracksuit"},"content":{"rendered":"<p>Trapstar Mood. El mood del a\u00f1o. Si\u00e9ntete \u00fanico con nuestro Gradient Red Secret Tracksuit.<\/p>\n<p data-mce-fragment=\"1\">Detalles:\u00a0<\/p>\n<ul data-mce-fragment=\"1\">\n<li data-mce-fragment=\"1\">100% algod\u00f3n premium<\/li>\n<\/ul>\n<ul data-mce-fragment=\"1\">\n<li data-mce-fragment=\"1\">Logotipo bordados<\/li>\n<\/ul>\n<ul data-mce-fragment=\"1\">\n<li data-mce-fragment=\"1\">Dise\u00f1o m\u00e1xima calidad<\/li>\n<\/ul>\n<ul data-mce-fragment=\"1\">\n<li data-mce-fragment=\"1\">Unidades limitadas<\/li>\n<\/ul>\n","protected":false},"excerpt":{"rendered":"<p>Trapstar Mood. El mood del a\u00f1o. Si\u00e9ntete \u00fanico con nuestro Gradient Red Secret Tracksuit. Detalles:\u00a0 100% algod\u00f3n premium Logotipo bordados Dise\u00f1o m\u00e1xima calidad Unidades limitadas<\/p>\n","protected":false},"featured_media":44343,"template":"","meta":[],"product_brand":[],"product_cat":[199,15],"product_tag":[],"class_list":{"0":"post-44351","1":"product","2":"type-product","3":"status-publish","4":"has-post-thumbnail","6":"product_cat-trapstar","7":"product_cat-uncategorized","9":"first","10":"instock","11":"sale","12":"shipping-taxable","13":"purchasable","14":"product-type-variable"},"aioseo_notices":[],"jetpack_sharing_enabled":true,"_links":{"self":[{"href":"https:\/\/dripplug13.com\/index.php?rest_route=\/wp\/v2\/product\/44351","targetHints":{"allow":["GET"]}}],"collection":[{"href":"https:\/\/dripplug13.com\/index.php?rest_route=\/wp\/v2\/product"}],"about":[{"href":"https:\/\/dripplug13.com\/index.php?rest_route=\/wp\/v2\/types\/product"}],"version-history":[{"count":1,"href":"https:\/\/dripplug13.com\/index.php?rest_route=\/wp\/v2\/product\/44351\/revisions"}],"predecessor-version":[{"id":45040,"href":"https:\/\/dripplug13.com\/index.php?rest_route=\/wp\/v2\/product\/44351\/revisions\/45040"}],"wp:featuredmedia":[{"embeddable":true,"href":"https:\/\/dripplug13.com\/index.php?rest_route=\/wp\/v2\/media\/44343"}],"wp:attachment":[{"href":"https:\/\/dripplug13.com\/index.php?rest_route=%2Fwp%2Fv2%2Fmedia&parent=44351"}],"wp:term":[{"taxonomy":"product_brand","embeddable":true,"href":"https:\/\/dripplug13.com\/index.php?rest_route=%2Fwp%2Fv2%2Fproduct_brand&post=44351"},{"taxonomy":"product_cat","embeddable":true,"href":"https:\/\/dripplug13.com\/index.php?rest_route=%2Fwp%2Fv2%2Fproduct_cat&post=44351"},{"taxonomy":"product_tag","embeddable":true,"href":"https:\/\/dripplug13.com\/index.php?rest_route=%2Fwp%2Fv2%2Fproduct_tag&post=44351"}],"curies":[{"name":"wp","href":"https:\/\/api.w.org\/{rel}","templated":true}]}}