{"id":44295,"date":"2025-05-10T11:32:42","date_gmt":"2025-05-10T11:32:42","guid":{"rendered":"https:\/\/dripplug13.com\/product\/irongate-hooded-red-jacket\/"},"modified":"2025-05-10T11:58:51","modified_gmt":"2025-05-10T11:58:51","slug":"irongate-hooded-red-jacket","status":"publish","type":"product","link":"https:\/\/dripplug13.com\/?product=irongate-hooded-red-jacket","title":{"rendered":"Irongate Hooded Red Jacket"},"content":{"rendered":"<p data-mce-fragment=\"1\">Starlife Mood. El mood del a\u00f1o. Si\u00e9ntete \u00fanico con nuestra Irongate Hooded Red Jacket\uf8ea<span data-mce-fragment=\"1\">\ud83e\udd77\ud83c\udffd<\/span>.<\/p>\n<p data-mce-fragment=\"1\">Detalles:\u00a0<\/p>\n<ul data-mce-fragment=\"1\">\n<li data-mce-fragment=\"1\">100% Algod\u00f3n Premium<\/li>\n<\/ul>\n<ul data-mce-fragment=\"1\">\n<li data-mce-fragment=\"1\">Logotipos bordados<\/li>\n<\/ul>\n<ul data-mce-fragment=\"1\">\n<li data-mce-fragment=\"1\">Estilo streetwear<\/li>\n<\/ul>\n<ul data-mce-fragment=\"1\">\n<li data-mce-fragment=\"1\">Dise\u00f1o alta calidad<\/li>\n<\/ul>\n<ul data-mce-fragment=\"1\">\n<li data-mce-fragment=\"1\">Unidades limitadas\u00a0<\/li>\n<\/ul>\n<p data-mce-fragment=\"1\">\u00a0<\/p>\n<p data-mce-fragment=\"1\">Gu\u00eda de tallas<\/p>\n<div data-mce-fragment=\"1\">\n<table style=\"width: 562px\" data-mce-fragment=\"1\">\n<tbody data-mce-fragment=\"1\">\n<tr data-mce-fragment=\"1\">\n<td style=\"text-align: center;width: 193px\" data-mce-fragment=\"1\">\n<strong data-mce-fragment=\"1\">Talla<\/strong><span data-mce-fragment=\"1\"><\/span>\n<\/td>\n<td style=\"text-align: center;width: 63px\" data-mce-fragment=\"1\"><strong data-mce-fragment=\"1\">XS<\/strong><\/td>\n<td style=\"text-align: center;width: 60px\" data-mce-fragment=\"1\"><b>S<\/b><\/td>\n<td style=\"text-align: center;width: 63px\" data-mce-fragment=\"1\"><b>M<\/b><\/td>\n<td style=\"text-align: center;width: 69.34375px\" data-mce-fragment=\"1\"><b data-mce-fragment=\"1\">L<\/b><\/td>\n<td style=\"text-align: center;width: 64.65625px\" data-mce-fragment=\"1\"><b>XL<\/b><\/td>\n<\/tr>\n<tr data-mce-fragment=\"1\">\n<td style=\"text-align: center;width: 193px\" data-mce-fragment=\"1\"><strong data-mce-fragment=\"1\">Longitud (cm)<\/strong><\/td>\n<td style=\"text-align: center;width: 63px\" data-mce-fragment=\"1\">67\n<\/td>\n<td style=\"text-align: center;width: 60px\" data-mce-fragment=\"1\">69\n<\/td>\n<td style=\"text-align: center;width: 63px\" data-mce-fragment=\"1\">71\n<\/td>\n<td style=\"text-align: center;width: 69.34375px\" data-mce-fragment=\"1\">73\n<\/td>\n<td style=\"text-align: center;width: 64.65625px\" data-mce-fragment=\"1\">75<\/td>\n<\/tr>\n<tr data-mce-fragment=\"1\">\n<td style=\"text-align: center;width: 193px\" data-mce-fragment=\"1\"><strong data-mce-fragment=\"1\">Anchura de hombros (cm)<\/strong><\/td>\n<td style=\"text-align: center;width: 63px\" data-mce-fragment=\"1\">107\n<\/td>\n<td style=\"text-align: center;width: 60px\" data-mce-fragment=\"1\">112\n<\/td>\n<td style=\"text-align: center;width: 63px\" data-mce-fragment=\"1\">117\n<\/td>\n<td style=\"text-align: center;width: 69.34375px\" data-mce-fragment=\"1\">122\n<\/td>\n<td style=\"text-align: center;width: 64.65625px\" data-mce-fragment=\"1\">127<\/td>\n<\/tr>\n<\/tbody>\n<\/table>\n<\/div>\n","protected":false},"excerpt":{"rendered":"<p>Starlife Mood. El mood del a\u00f1o. Si\u00e9ntete \u00fanico con nuestra Irongate Hooded Red Jacket\uf8ea\ud83e\udd77\ud83c\udffd. Detalles:\u00a0 100% Algod\u00f3n Premium Logotipos bordados Estilo streetwear Dise\u00f1o alta calidad Unidades limitadas\u00a0 \u00a0 Gu\u00eda de tallas Talla XS S M L XL Longitud (cm) 67 69 71 73 75 Anchura de hombros (cm) 107 112 117 122 127<\/p>\n","protected":false},"featured_media":44291,"template":"","meta":[],"product_brand":[],"product_cat":[199,15],"product_tag":[],"class_list":{"0":"post-44295","1":"product","2":"type-product","3":"status-publish","4":"has-post-thumbnail","6":"product_cat-trapstar","7":"product_cat-uncategorized","9":"first","10":"instock","11":"sale","12":"shipping-taxable","13":"purchasable","14":"product-type-variable"},"aioseo_notices":[],"jetpack_sharing_enabled":true,"_links":{"self":[{"href":"https:\/\/dripplug13.com\/index.php?rest_route=\/wp\/v2\/product\/44295","targetHints":{"allow":["GET"]}}],"collection":[{"href":"https:\/\/dripplug13.com\/index.php?rest_route=\/wp\/v2\/product"}],"about":[{"href":"https:\/\/dripplug13.com\/index.php?rest_route=\/wp\/v2\/types\/product"}],"version-history":[{"count":1,"href":"https:\/\/dripplug13.com\/index.php?rest_route=\/wp\/v2\/product\/44295\/revisions"}],"predecessor-version":[{"id":45229,"href":"https:\/\/dripplug13.com\/index.php?rest_route=\/wp\/v2\/product\/44295\/revisions\/45229"}],"wp:featuredmedia":[{"embeddable":true,"href":"https:\/\/dripplug13.com\/index.php?rest_route=\/wp\/v2\/media\/44291"}],"wp:attachment":[{"href":"https:\/\/dripplug13.com\/index.php?rest_route=%2Fwp%2Fv2%2Fmedia&parent=44295"}],"wp:term":[{"taxonomy":"product_brand","embeddable":true,"href":"https:\/\/dripplug13.com\/index.php?rest_route=%2Fwp%2Fv2%2Fproduct_brand&post=44295"},{"taxonomy":"product_cat","embeddable":true,"href":"https:\/\/dripplug13.com\/index.php?rest_route=%2Fwp%2Fv2%2Fproduct_cat&post=44295"},{"taxonomy":"product_tag","embeddable":true,"href":"https:\/\/dripplug13.com\/index.php?rest_route=%2Fwp%2Fv2%2Fproduct_tag&post=44295"}],"curies":[{"name":"wp","href":"https:\/\/api.w.org\/{rel}","templated":true}]}}