{"id":44277,"date":"2025-05-10T11:32:09","date_gmt":"2025-05-10T11:32:09","guid":{"rendered":"https:\/\/dripplug13.com\/product\/messenger-gradient-red-bag\/"},"modified":"2025-05-10T11:58:53","modified_gmt":"2025-05-10T11:58:53","slug":"messenger-gradient-red-bag","status":"publish","type":"product","link":"https:\/\/dripplug13.com\/?product=messenger-gradient-red-bag","title":{"rendered":"Messenger Gradient Red Bag"},"content":{"rendered":"<p>Starlife Mood. El mood del a\u00f1o. Si\u00e9ntete \u00fanico con nuestro Messenger Gradient Red Bag.<\/p>\n<p>Detalles:\u00a0<\/p>\n<ul>\n<li>Irongate T Logo\n<\/li>\n<\/ul>\n<ul>\n<li>Logotipo bordado\u00a0<\/li>\n<\/ul>\n<ul>\n<li>\n<span>Correa de nylon ajustable con cierre de hebilla<\/span>\n<\/li>\n<\/ul>\n<ul>\n<li>Dise\u00f1o alta calidad<\/li>\n<\/ul>\n<ul>\n<li>Unidades limitadas\u00a0<\/li>\n<\/ul>\n","protected":false},"excerpt":{"rendered":"<p>Starlife Mood. El mood del a\u00f1o. Si\u00e9ntete \u00fanico con nuestro Messenger Gradient Red Bag. Detalles:\u00a0 Irongate T Logo Logotipo bordado\u00a0 Correa de nylon ajustable con cierre de hebilla Dise\u00f1o alta calidad Unidades limitadas\u00a0<\/p>\n","protected":false},"featured_media":44274,"template":"","meta":[],"product_brand":[],"product_cat":[199,15],"product_tag":[],"class_list":{"0":"post-44277","1":"product","2":"type-product","3":"status-publish","4":"has-post-thumbnail","6":"product_cat-trapstar","7":"product_cat-uncategorized","9":"first","10":"instock","11":"sale","12":"shipping-taxable","13":"purchasable","14":"product-type-simple"},"aioseo_notices":[],"jetpack_sharing_enabled":true,"_links":{"self":[{"href":"https:\/\/dripplug13.com\/index.php?rest_route=\/wp\/v2\/product\/44277","targetHints":{"allow":["GET"]}}],"collection":[{"href":"https:\/\/dripplug13.com\/index.php?rest_route=\/wp\/v2\/product"}],"about":[{"href":"https:\/\/dripplug13.com\/index.php?rest_route=\/wp\/v2\/types\/product"}],"version-history":[{"count":1,"href":"https:\/\/dripplug13.com\/index.php?rest_route=\/wp\/v2\/product\/44277\/revisions"}],"predecessor-version":[{"id":45233,"href":"https:\/\/dripplug13.com\/index.php?rest_route=\/wp\/v2\/product\/44277\/revisions\/45233"}],"wp:featuredmedia":[{"embeddable":true,"href":"https:\/\/dripplug13.com\/index.php?rest_route=\/wp\/v2\/media\/44274"}],"wp:attachment":[{"href":"https:\/\/dripplug13.com\/index.php?rest_route=%2Fwp%2Fv2%2Fmedia&parent=44277"}],"wp:term":[{"taxonomy":"product_brand","embeddable":true,"href":"https:\/\/dripplug13.com\/index.php?rest_route=%2Fwp%2Fv2%2Fproduct_brand&post=44277"},{"taxonomy":"product_cat","embeddable":true,"href":"https:\/\/dripplug13.com\/index.php?rest_route=%2Fwp%2Fv2%2Fproduct_cat&post=44277"},{"taxonomy":"product_tag","embeddable":true,"href":"https:\/\/dripplug13.com\/index.php?rest_route=%2Fwp%2Fv2%2Fproduct_tag&post=44277"}],"curies":[{"name":"wp","href":"https:\/\/api.w.org\/{rel}","templated":true}]}}