{"id":44264,"date":"2025-05-10T11:31:43","date_gmt":"2025-05-10T11:31:43","guid":{"rendered":"https:\/\/dripplug13.com\/product\/messenger-gradient-blue-bag\/"},"modified":"2025-05-10T11:58:55","modified_gmt":"2025-05-10T11:58:55","slug":"messenger-gradient-blue-bag","status":"publish","type":"product","link":"https:\/\/dripplug13.com\/?product=messenger-gradient-blue-bag","title":{"rendered":"Messenger Gradient Blue Bag"},"content":{"rendered":"<p>Starlife Mood. El mood del a\u00f1o. Si\u00e9ntete \u00fanico con nuestro bolso Messenger Gradient Blue Bag.<\/p>\n<p>Detalles:\u00a0<\/p>\n<ul>\n<li>\n<p>Irongate T Logo<\/p>\n<\/li>\n<\/ul>\n<ul>\n<li>\n<p>Logotipo bordado\u00a0<\/p>\n<\/li>\n<\/ul>\n<ul>\n<li>\n<p><span style=\"font-size: 0.875rem\">Correa de nylon ajustable con cierre de hebilla<\/span><\/p>\n<\/li>\n<\/ul>\n<ul>\n<li>\n<p>Dise\u00f1o alta calidad<\/p>\n<\/li>\n<\/ul>\n<ul>\n<li>\n<p>Unidades limitadas\u00a0<\/p>\n<\/li>\n<\/ul>\n","protected":false},"excerpt":{"rendered":"<p>Starlife Mood. El mood del a\u00f1o. Si\u00e9ntete \u00fanico con nuestro bolso Messenger Gradient Blue Bag. Detalles:\u00a0 Irongate T Logo Logotipo bordado\u00a0 Correa de nylon ajustable con cierre de hebilla Dise\u00f1o alta calidad Unidades limitadas\u00a0<\/p>\n","protected":false},"featured_media":44260,"template":"","meta":[],"product_brand":[],"product_cat":[199,15],"product_tag":[],"class_list":{"0":"post-44264","1":"product","2":"type-product","3":"status-publish","4":"has-post-thumbnail","6":"product_cat-trapstar","7":"product_cat-uncategorized","9":"first","10":"instock","11":"sale","12":"shipping-taxable","13":"purchasable","14":"product-type-simple"},"aioseo_notices":[],"jetpack_sharing_enabled":true,"_links":{"self":[{"href":"https:\/\/dripplug13.com\/index.php?rest_route=\/wp\/v2\/product\/44264","targetHints":{"allow":["GET"]}}],"collection":[{"href":"https:\/\/dripplug13.com\/index.php?rest_route=\/wp\/v2\/product"}],"about":[{"href":"https:\/\/dripplug13.com\/index.php?rest_route=\/wp\/v2\/types\/product"}],"version-history":[{"count":1,"href":"https:\/\/dripplug13.com\/index.php?rest_route=\/wp\/v2\/product\/44264\/revisions"}],"predecessor-version":[{"id":45235,"href":"https:\/\/dripplug13.com\/index.php?rest_route=\/wp\/v2\/product\/44264\/revisions\/45235"}],"wp:featuredmedia":[{"embeddable":true,"href":"https:\/\/dripplug13.com\/index.php?rest_route=\/wp\/v2\/media\/44260"}],"wp:attachment":[{"href":"https:\/\/dripplug13.com\/index.php?rest_route=%2Fwp%2Fv2%2Fmedia&parent=44264"}],"wp:term":[{"taxonomy":"product_brand","embeddable":true,"href":"https:\/\/dripplug13.com\/index.php?rest_route=%2Fwp%2Fv2%2Fproduct_brand&post=44264"},{"taxonomy":"product_cat","embeddable":true,"href":"https:\/\/dripplug13.com\/index.php?rest_route=%2Fwp%2Fv2%2Fproduct_cat&post=44264"},{"taxonomy":"product_tag","embeddable":true,"href":"https:\/\/dripplug13.com\/index.php?rest_route=%2Fwp%2Fv2%2Fproduct_tag&post=44264"}],"curies":[{"name":"wp","href":"https:\/\/api.w.org\/{rel}","templated":true}]}}