{"id":44175,"date":"2025-05-10T11:28:47","date_gmt":"2025-05-10T11:28:47","guid":{"rendered":"https:\/\/dripplug13.com\/product\/irongate-green-t-windbreaker\/"},"modified":"2025-05-10T11:59:00","modified_gmt":"2025-05-10T11:59:00","slug":"irongate-green-t-windbreaker","status":"publish","type":"product","link":"https:\/\/dripplug13.com\/?product=irongate-green-t-windbreaker","title":{"rendered":"Irongate Green T Windbreaker"},"content":{"rendered":"<p data-mce-fragment=\"1\">Starlife Mood. El mood del a\u00f1o. Si\u00e9ntete \u00fanico con nuestro Irongate Green T Windbreaker\uf8ea<span data-mce-fragment=\"1\">\ud83e\udd77\ud83c\udffd<\/span>.<\/p>\n<p data-mce-fragment=\"1\">Detalles:\u00a0<\/p>\n<ul data-mce-fragment=\"1\">\n<li data-mce-fragment=\"1\">100% Algod\u00f3n Premium<\/li>\n<\/ul>\n<ul data-mce-fragment=\"1\">\n<li data-mce-fragment=\"1\">Logotipos bordados<\/li>\n<\/ul>\n<ul data-mce-fragment=\"1\">\n<li data-mce-fragment=\"1\">Estilo streetwear<\/li>\n<\/ul>\n<ul data-mce-fragment=\"1\">\n<li data-mce-fragment=\"1\">Dise\u00f1o alta calidad<\/li>\n<\/ul>\n<ul data-mce-fragment=\"1\">\n<li data-mce-fragment=\"1\">Unidades limitadas\u00a0<\/li>\n<\/ul>\n<p data-mce-fragment=\"1\">\u00a0<\/p>\n<p data-mce-fragment=\"1\">Gu\u00eda de tallas<\/p>\n<div data-mce-fragment=\"1\">\n<table style=\"width: 566px\" data-mce-fragment=\"1\">\n<tbody data-mce-fragment=\"1\">\n<tr data-mce-fragment=\"1\">\n<td style=\"width: 195px;text-align: center\" data-mce-fragment=\"1\">\n<strong data-mce-fragment=\"1\">Talla<\/strong><span data-mce-fragment=\"1\"><\/span>\n<\/td>\n<td style=\"width: 72px;text-align: center\" data-mce-fragment=\"1\"><strong data-mce-fragment=\"1\">XS<\/strong><\/td>\n<td style=\"width: 58px;text-align: center\" data-mce-fragment=\"1\"><b data-mce-fragment=\"1\">S<\/b><\/td>\n<td style=\"width: 56px;text-align: center\" data-mce-fragment=\"1\"><b data-mce-fragment=\"1\">M<\/b><\/td>\n<td style=\"width: 63.671875px;text-align: center\" data-mce-fragment=\"1\"><b data-mce-fragment=\"1\">L<\/b><\/td>\n<td style=\"width: 63.328125px;text-align: center\" data-mce-fragment=\"1\"><b data-mce-fragment=\"1\">XL<\/b><\/td>\n<\/tr>\n<tr data-mce-fragment=\"1\">\n<td style=\"width: 195px;text-align: center\" data-mce-fragment=\"1\"><strong data-mce-fragment=\"1\">Longitud (cm)<\/strong><\/td>\n<td style=\"width: 72px;text-align: center\" data-mce-fragment=\"1\">67<br data-mce-fragment=\"1\">\n<\/td>\n<td style=\"width: 58px;text-align: center\" data-mce-fragment=\"1\">69<br data-mce-fragment=\"1\">\n<\/td>\n<td style=\"width: 56px;text-align: center\" data-mce-fragment=\"1\">71<br data-mce-fragment=\"1\">\n<\/td>\n<td style=\"width: 63.671875px;text-align: center\" data-mce-fragment=\"1\">73<br data-mce-fragment=\"1\">\n<\/td>\n<td style=\"width: 63.328125px;text-align: center\" data-mce-fragment=\"1\">75<\/td>\n<\/tr>\n<tr data-mce-fragment=\"1\">\n<td style=\"width: 195px;text-align: center\" data-mce-fragment=\"1\"><strong data-mce-fragment=\"1\">Anchura de hombros (cm)<\/strong><\/td>\n<td style=\"width: 72px;text-align: center\" data-mce-fragment=\"1\">107<br data-mce-fragment=\"1\">\n<\/td>\n<td style=\"width: 58px;text-align: center\" data-mce-fragment=\"1\">112<br data-mce-fragment=\"1\">\n<\/td>\n<td style=\"width: 56px;text-align: center\" data-mce-fragment=\"1\">117<br data-mce-fragment=\"1\">\n<\/td>\n<td style=\"width: 63.671875px;text-align: center\" data-mce-fragment=\"1\">122<br data-mce-fragment=\"1\">\n<\/td>\n<td style=\"width: 63.328125px;text-align: center\" data-mce-fragment=\"1\">127<\/td>\n<\/tr>\n<\/tbody>\n<\/table>\n<\/div>\n","protected":false},"excerpt":{"rendered":"<p>Starlife Mood. El mood del a\u00f1o. Si\u00e9ntete \u00fanico con nuestro Irongate Green T Windbreaker\uf8ea\ud83e\udd77\ud83c\udffd. Detalles:\u00a0 100% Algod\u00f3n Premium Logotipos bordados Estilo streetwear Dise\u00f1o alta calidad Unidades limitadas\u00a0 \u00a0 Gu\u00eda de tallas Talla XS S M L XL Longitud (cm) 67 69 71 73 75 Anchura de hombros (cm) 107 112 117 122 127<\/p>\n","protected":false},"featured_media":44170,"template":"","meta":[],"product_brand":[],"product_cat":[199,15],"product_tag":[],"class_list":{"0":"post-44175","1":"product","2":"type-product","3":"status-publish","4":"has-post-thumbnail","6":"product_cat-trapstar","7":"product_cat-uncategorized","9":"first","10":"instock","11":"sale","12":"shipping-taxable","13":"purchasable","14":"product-type-variable"},"aioseo_notices":[],"jetpack_sharing_enabled":true,"_links":{"self":[{"href":"https:\/\/dripplug13.com\/index.php?rest_route=\/wp\/v2\/product\/44175","targetHints":{"allow":["GET"]}}],"collection":[{"href":"https:\/\/dripplug13.com\/index.php?rest_route=\/wp\/v2\/product"}],"about":[{"href":"https:\/\/dripplug13.com\/index.php?rest_route=\/wp\/v2\/types\/product"}],"version-history":[{"count":1,"href":"https:\/\/dripplug13.com\/index.php?rest_route=\/wp\/v2\/product\/44175\/revisions"}],"predecessor-version":[{"id":45281,"href":"https:\/\/dripplug13.com\/index.php?rest_route=\/wp\/v2\/product\/44175\/revisions\/45281"}],"wp:featuredmedia":[{"embeddable":true,"href":"https:\/\/dripplug13.com\/index.php?rest_route=\/wp\/v2\/media\/44170"}],"wp:attachment":[{"href":"https:\/\/dripplug13.com\/index.php?rest_route=%2Fwp%2Fv2%2Fmedia&parent=44175"}],"wp:term":[{"taxonomy":"product_brand","embeddable":true,"href":"https:\/\/dripplug13.com\/index.php?rest_route=%2Fwp%2Fv2%2Fproduct_brand&post=44175"},{"taxonomy":"product_cat","embeddable":true,"href":"https:\/\/dripplug13.com\/index.php?rest_route=%2Fwp%2Fv2%2Fproduct_cat&post=44175"},{"taxonomy":"product_tag","embeddable":true,"href":"https:\/\/dripplug13.com\/index.php?rest_route=%2Fwp%2Fv2%2Fproduct_tag&post=44175"}],"curies":[{"name":"wp","href":"https:\/\/api.w.org\/{rel}","templated":true}]}}