{"id":44141,"date":"2025-05-10T11:27:56","date_gmt":"2025-05-10T11:27:56","guid":{"rendered":"https:\/\/dripplug13.com\/product\/arch-short-set-3\/"},"modified":"2025-05-10T11:59:02","modified_gmt":"2025-05-10T11:59:02","slug":"arch-short-set-3","status":"publish","type":"product","link":"https:\/\/dripplug13.com\/?product=arch-short-set-3","title":{"rendered":"Arch Short Set"},"content":{"rendered":"<p data-mce-fragment=\"1\">Trapstar Mood. El mood del a\u00f1o. Si\u00e9ntete \u00fanico con nuestro Shooters Black Arch Short Set.<\/p>\n<p data-mce-fragment=\"1\"><span style=\"font-size: 0.875rem\">Detalles:\u00a0<\/span><\/p>\n<ul data-mce-fragment=\"1\">\n<li data-mce-fragment=\"1\">100% Algod\u00f3n Premium<\/li>\n<\/ul>\n<ul data-mce-fragment=\"1\">\n<li data-mce-fragment=\"1\">Logotipo bordado<\/li>\n<\/ul>\n<ul data-mce-fragment=\"1\">\n<li data-mce-fragment=\"1\">Estilo streetwear<\/li>\n<\/ul>\n<ul data-mce-fragment=\"1\">\n<li data-mce-fragment=\"1\">Dise\u00f1o alta calidad<\/li>\n<\/ul>\n<ul data-mce-fragment=\"1\">\n<li data-mce-fragment=\"1\">Unidades limitadas<\/li>\n<\/ul>\n<p data-mce-fragment=\"1\">\u00a0<\/p>\n<p data-mce-fragment=\"1\">Gu\u00eda de tallas<\/p>\n<table style=\"width: 539px\" data-mce-fragment=\"1\">\n<tbody data-mce-fragment=\"1\">\n<tr data-mce-fragment=\"1\">\n<td style=\"text-align: center;width: 214.5px\" data-mce-fragment=\"1\">\n<div data-mce-fragment=\"1\"><strong data-mce-fragment=\"1\">Talla<\/strong><\/div>\n<\/td>\n<td style=\"text-align: center;width: 81.21875px\" data-mce-fragment=\"1\">\n<div data-mce-fragment=\"1\"><strong data-mce-fragment=\"1\">S<\/strong><\/div>\n<\/td>\n<td style=\"text-align: center;width: 70.6875px\" data-mce-fragment=\"1\">\n<div data-mce-fragment=\"1\"><strong data-mce-fragment=\"1\">M<\/strong><\/div>\n<\/td>\n<td style=\"text-align: center;width: 66.296875px\" data-mce-fragment=\"1\">\n<div data-mce-fragment=\"1\"><strong data-mce-fragment=\"1\">L<\/strong><\/div>\n<\/td>\n<td style=\"text-align: center;width: 72.34375px\" data-mce-fragment=\"1\">\n<div data-mce-fragment=\"1\"><strong data-mce-fragment=\"1\">XL<\/strong><\/div>\n<\/td>\n<\/tr>\n<tr data-mce-fragment=\"1\">\n<td style=\"text-align: center;width: 214.5px\" data-mce-fragment=\"1\">\n<div data-mce-fragment=\"1\"><strong data-mce-fragment=\"1\">Longitud (cm)<\/strong><\/div>\n<\/td>\n<td style=\"text-align: center;width: 81.21875px\" data-mce-fragment=\"1\">\n<div data-mce-fragment=\"1\">70<\/div>\n<\/td>\n<td style=\"text-align: center;width: 70.6875px\" data-mce-fragment=\"1\">\n<div data-mce-fragment=\"1\">72<\/div>\n<\/td>\n<td style=\"text-align: center;width: 66.296875px\" data-mce-fragment=\"1\">\n<div data-mce-fragment=\"1\">74<\/div>\n<\/td>\n<td style=\"text-align: center;width: 72.34375px\" data-mce-fragment=\"1\">\n<div data-mce-fragment=\"1\">76<\/div>\n<\/td>\n<\/tr>\n<tr data-mce-fragment=\"1\">\n<td style=\"text-align: center;width: 214.5px\" data-mce-fragment=\"1\">\n<div data-mce-fragment=\"1\"><strong data-mce-fragment=\"1\">Anchura de hombros (cm)<\/strong><\/div>\n<\/td>\n<td style=\"text-align: center;width: 81.21875px\" data-mce-fragment=\"1\">\n<div data-mce-fragment=\"1\">44<\/div>\n<\/td>\n<td style=\"text-align: center;width: 70.6875px\" data-mce-fragment=\"1\">\n<div data-mce-fragment=\"1\">47<\/div>\n<\/td>\n<td style=\"text-align: center;width: 66.296875px\" data-mce-fragment=\"1\">\n<div data-mce-fragment=\"1\">50<\/div>\n<\/td>\n<td style=\"text-align: center;width: 72.34375px\" data-mce-fragment=\"1\">\n<div data-mce-fragment=\"1\">53<\/div>\n<\/td>\n<\/tr>\n<\/tbody>\n<\/table>\n","protected":false},"excerpt":{"rendered":"<p>Trapstar Mood. El mood del a\u00f1o. Si\u00e9ntete \u00fanico con nuestro Shooters Black Arch Short Set. Detalles:\u00a0 100% Algod\u00f3n Premium Logotipo bordado Estilo streetwear Dise\u00f1o alta calidad Unidades limitadas \u00a0 Gu\u00eda de tallas Talla S M L XL Longitud (cm) 70 72 74 76 Anchura de hombros (cm) 44 47 50 53<\/p>\n","protected":false},"featured_media":44140,"template":"","meta":[],"product_brand":[],"product_cat":[199,15],"product_tag":[],"class_list":{"0":"post-44141","1":"product","2":"type-product","3":"status-publish","4":"has-post-thumbnail","6":"product_cat-trapstar","7":"product_cat-uncategorized","9":"first","10":"instock","11":"sale","12":"shipping-taxable","13":"purchasable","14":"product-type-variable"},"aioseo_notices":[],"jetpack_sharing_enabled":true,"_links":{"self":[{"href":"https:\/\/dripplug13.com\/index.php?rest_route=\/wp\/v2\/product\/44141","targetHints":{"allow":["GET"]}}],"collection":[{"href":"https:\/\/dripplug13.com\/index.php?rest_route=\/wp\/v2\/product"}],"about":[{"href":"https:\/\/dripplug13.com\/index.php?rest_route=\/wp\/v2\/types\/product"}],"version-history":[{"count":1,"href":"https:\/\/dripplug13.com\/index.php?rest_route=\/wp\/v2\/product\/44141\/revisions"}],"predecessor-version":[{"id":45050,"href":"https:\/\/dripplug13.com\/index.php?rest_route=\/wp\/v2\/product\/44141\/revisions\/45050"}],"wp:featuredmedia":[{"embeddable":true,"href":"https:\/\/dripplug13.com\/index.php?rest_route=\/wp\/v2\/media\/44140"}],"wp:attachment":[{"href":"https:\/\/dripplug13.com\/index.php?rest_route=%2Fwp%2Fv2%2Fmedia&parent=44141"}],"wp:term":[{"taxonomy":"product_brand","embeddable":true,"href":"https:\/\/dripplug13.com\/index.php?rest_route=%2Fwp%2Fv2%2Fproduct_brand&post=44141"},{"taxonomy":"product_cat","embeddable":true,"href":"https:\/\/dripplug13.com\/index.php?rest_route=%2Fwp%2Fv2%2Fproduct_cat&post=44141"},{"taxonomy":"product_tag","embeddable":true,"href":"https:\/\/dripplug13.com\/index.php?rest_route=%2Fwp%2Fv2%2Fproduct_tag&post=44141"}],"curies":[{"name":"wp","href":"https:\/\/api.w.org\/{rel}","templated":true}]}}