{"id":44014,"date":"2025-05-10T11:25:28","date_gmt":"2025-05-10T11:25:28","guid":{"rendered":"https:\/\/dripplug13.com\/product\/decoded-short-set-3\/"},"modified":"2025-05-10T11:59:08","modified_gmt":"2025-05-10T11:59:08","slug":"decoded-short-set-3","status":"publish","type":"product","link":"https:\/\/dripplug13.com\/?product=decoded-short-set-3","title":{"rendered":"Decoded Short Set"},"content":{"rendered":"<p>Trapstar Mood. El mood del a\u00f1o. Si\u00e9ntete \u00fanico con nuestro Chenille Decoded Black Yellow Short Set\uf8ea.<\/p>\n<p>Detalles:\u00a0<\/p>\n<ul>\n<li>100% Algod\u00f3n Premium<\/li>\n<\/ul>\n<ul>\n<li>Logotipo bordado<\/li>\n<\/ul>\n<ul>\n<li>Estilo streetwear<\/li>\n<\/ul>\n<ul>\n<li>Dise\u00f1o alta calidad<\/li>\n<\/ul>\n<ul>\n<li>Unidades limitadas<\/li>\n<\/ul>\n<p><\/p>\n<p>Gu\u00eda de tallas<\/p>\n<table style=\"width: 492px;margin-left: auto;margin-right: auto\">\n<tbody>\n<tr style=\"height: 25px\">\n<td style=\"width: 197px;height: 25px;text-align: center\">\n<div style=\"text-align: center\"><strong>Talla<\/strong><\/div>\n<\/td>\n<td style=\"width: 83px;height: 25px;text-align: center\">\n<div style=\"text-align: center\"><strong>S<\/strong><\/div>\n<\/td>\n<td style=\"width: 76px;height: 25px;text-align: center\">\n<div style=\"text-align: center\"><strong>M<\/strong><\/div>\n<\/td>\n<td style=\"width: 66.125px;height: 25px;text-align: center\">\n<div style=\"text-align: center\"><strong>L<\/strong><\/div>\n<\/td>\n<td style=\"width: 62.875px;height: 25px;text-align: center\">\n<div style=\"text-align: center\"><strong>XL<\/strong><\/div>\n<\/td>\n<\/tr>\n<tr style=\"height: 35px\">\n<td style=\"width: 197px;height: 35px;text-align: center\">\n<div style=\"text-align: center\"><strong>Longitud (cm)<\/strong><\/div>\n<\/td>\n<td style=\"width: 83px;height: 35px;text-align: center\">\n<div style=\"text-align: center\">70<\/div>\n<\/td>\n<td style=\"width: 76px;height: 35px;text-align: center\">\n<div style=\"text-align: center\">72<\/div>\n<\/td>\n<td style=\"width: 66.125px;height: 35px;text-align: center\">\n<div style=\"text-align: center\">74<\/div>\n<\/td>\n<td style=\"width: 62.875px;height: 35px;text-align: center\">\n<div style=\"text-align: center\">76<\/div>\n<\/td>\n<\/tr>\n<tr style=\"height: 37px\">\n<td style=\"width: 197px;height: 37px;text-align: center\">\n<div style=\"text-align: center\"><strong>Anchura de hombros (cm)<\/strong><\/div>\n<\/td>\n<td style=\"width: 83px;height: 37px;text-align: center\">\n<div style=\"text-align: center\">44<\/div>\n<\/td>\n<td style=\"width: 76px;height: 37px;text-align: center\">\n<div style=\"text-align: center\">47<\/div>\n<\/td>\n<td style=\"width: 66.125px;height: 37px;text-align: center\">\n<div style=\"text-align: center\">50<\/div>\n<\/td>\n<td style=\"width: 62.875px;height: 37px;text-align: center\">\n<div style=\"text-align: center\">53<\/div>\n<\/td>\n<\/tr>\n<\/tbody>\n<\/table>\n","protected":false},"excerpt":{"rendered":"<p>Trapstar Mood. El mood del a\u00f1o. Si\u00e9ntete \u00fanico con nuestro Chenille Decoded Black Yellow Short Set\uf8ea. Detalles:\u00a0 100% Algod\u00f3n Premium Logotipo bordado Estilo streetwear Dise\u00f1o alta calidad Unidades limitadas Gu\u00eda de tallas Talla S M L XL Longitud (cm) 70 72 74 76 Anchura de hombros (cm) 44 47 50 53<\/p>\n","protected":false},"featured_media":44010,"template":"","meta":[],"product_brand":[],"product_cat":[199,15],"product_tag":[],"class_list":{"0":"post-44014","1":"product","2":"type-product","3":"status-publish","4":"has-post-thumbnail","6":"product_cat-trapstar","7":"product_cat-uncategorized","9":"first","10":"instock","11":"sale","12":"shipping-taxable","13":"purchasable","14":"product-type-variable"},"aioseo_notices":[],"jetpack_sharing_enabled":true,"_links":{"self":[{"href":"https:\/\/dripplug13.com\/index.php?rest_route=\/wp\/v2\/product\/44014","targetHints":{"allow":["GET"]}}],"collection":[{"href":"https:\/\/dripplug13.com\/index.php?rest_route=\/wp\/v2\/product"}],"about":[{"href":"https:\/\/dripplug13.com\/index.php?rest_route=\/wp\/v2\/types\/product"}],"version-history":[{"count":1,"href":"https:\/\/dripplug13.com\/index.php?rest_route=\/wp\/v2\/product\/44014\/revisions"}],"predecessor-version":[{"id":45056,"href":"https:\/\/dripplug13.com\/index.php?rest_route=\/wp\/v2\/product\/44014\/revisions\/45056"}],"wp:featuredmedia":[{"embeddable":true,"href":"https:\/\/dripplug13.com\/index.php?rest_route=\/wp\/v2\/media\/44010"}],"wp:attachment":[{"href":"https:\/\/dripplug13.com\/index.php?rest_route=%2Fwp%2Fv2%2Fmedia&parent=44014"}],"wp:term":[{"taxonomy":"product_brand","embeddable":true,"href":"https:\/\/dripplug13.com\/index.php?rest_route=%2Fwp%2Fv2%2Fproduct_brand&post=44014"},{"taxonomy":"product_cat","embeddable":true,"href":"https:\/\/dripplug13.com\/index.php?rest_route=%2Fwp%2Fv2%2Fproduct_cat&post=44014"},{"taxonomy":"product_tag","embeddable":true,"href":"https:\/\/dripplug13.com\/index.php?rest_route=%2Fwp%2Fv2%2Fproduct_tag&post=44014"}],"curies":[{"name":"wp","href":"https:\/\/api.w.org\/{rel}","templated":true}]}}