{"id":43902,"date":"2025-05-10T11:22:44","date_gmt":"2025-05-10T11:22:44","guid":{"rendered":"https:\/\/dripplug13.com\/product\/decoded-blue-short-set\/"},"modified":"2025-05-10T11:59:14","modified_gmt":"2025-05-10T11:59:14","slug":"decoded-blue-short-set","status":"publish","type":"product","link":"https:\/\/dripplug13.com\/?product=decoded-blue-short-set","title":{"rendered":"Decoded Blue Short Set"},"content":{"rendered":"<p>Trapstar Mood. El mood del a\u00f1o. Si\u00e9ntete \u00fanico con nuestro Chenille Decoded Blue Short Set\uf8ea.<\/p>\n<p>Detalles:\u00a0<\/p>\n<ul>\n<li>100% Algod\u00f3n Premium<\/li>\n<\/ul>\n<ul>\n<li>Logotipo bordado<\/li>\n<\/ul>\n<ul>\n<li>Dise\u00f1o alta calidad<\/li>\n<\/ul>\n<ul>\n<li>Unidades limitadas<\/li>\n<\/ul>\n","protected":false},"excerpt":{"rendered":"<p>Trapstar Mood. El mood del a\u00f1o. Si\u00e9ntete \u00fanico con nuestro Chenille Decoded Blue Short Set\uf8ea. Detalles:\u00a0 100% Algod\u00f3n Premium Logotipo bordado Dise\u00f1o alta calidad Unidades limitadas<\/p>\n","protected":false},"featured_media":43894,"template":"","meta":[],"product_brand":[],"product_cat":[199,15],"product_tag":[],"class_list":{"0":"post-43902","1":"product","2":"type-product","3":"status-publish","4":"has-post-thumbnail","6":"product_cat-trapstar","7":"product_cat-uncategorized","9":"first","10":"instock","11":"sale","12":"shipping-taxable","13":"purchasable","14":"product-type-variable"},"aioseo_notices":[],"jetpack_sharing_enabled":true,"_links":{"self":[{"href":"https:\/\/dripplug13.com\/index.php?rest_route=\/wp\/v2\/product\/43902","targetHints":{"allow":["GET"]}}],"collection":[{"href":"https:\/\/dripplug13.com\/index.php?rest_route=\/wp\/v2\/product"}],"about":[{"href":"https:\/\/dripplug13.com\/index.php?rest_route=\/wp\/v2\/types\/product"}],"version-history":[{"count":1,"href":"https:\/\/dripplug13.com\/index.php?rest_route=\/wp\/v2\/product\/43902\/revisions"}],"predecessor-version":[{"id":45067,"href":"https:\/\/dripplug13.com\/index.php?rest_route=\/wp\/v2\/product\/43902\/revisions\/45067"}],"wp:featuredmedia":[{"embeddable":true,"href":"https:\/\/dripplug13.com\/index.php?rest_route=\/wp\/v2\/media\/43894"}],"wp:attachment":[{"href":"https:\/\/dripplug13.com\/index.php?rest_route=%2Fwp%2Fv2%2Fmedia&parent=43902"}],"wp:term":[{"taxonomy":"product_brand","embeddable":true,"href":"https:\/\/dripplug13.com\/index.php?rest_route=%2Fwp%2Fv2%2Fproduct_brand&post=43902"},{"taxonomy":"product_cat","embeddable":true,"href":"https:\/\/dripplug13.com\/index.php?rest_route=%2Fwp%2Fv2%2Fproduct_cat&post=43902"},{"taxonomy":"product_tag","embeddable":true,"href":"https:\/\/dripplug13.com\/index.php?rest_route=%2Fwp%2Fv2%2Fproduct_tag&post=43902"}],"curies":[{"name":"wp","href":"https:\/\/api.w.org\/{rel}","templated":true}]}}