{"id":43852,"date":"2025-05-10T11:20:56","date_gmt":"2025-05-10T11:20:56","guid":{"rendered":"https:\/\/dripplug13.com\/product\/black-irongate-detachable-jacket\/"},"modified":"2025-05-10T11:59:16","modified_gmt":"2025-05-10T11:59:16","slug":"black-irongate-detachable-jacket","status":"publish","type":"product","link":"https:\/\/dripplug13.com\/?product=black-irongate-detachable-jacket","title":{"rendered":"Black Irongate Detachable Jacket"},"content":{"rendered":"<p data-mce-fragment=\"1\">Trapstar Mood. El mood del a\u00f1o. Si\u00e9ntete \u00fanico con nuestro Black Irongate Detachable Jacket<span data-mce-fragment=\"1\">\ud83e\udd77\ud83c\udffd<\/span><\/p>\n<p data-mce-fragment=\"1\">Detalles:\u00a0<\/p>\n<ul data-mce-fragment=\"1\">\n<li data-mce-fragment=\"1\">100% algod\u00f3n premium<\/li>\n<\/ul>\n<ul data-mce-fragment=\"1\">\n<li data-mce-fragment=\"1\">Logotipos bordados<\/li>\n<\/ul>\n<ul data-mce-fragment=\"1\">\n<li data-mce-fragment=\"1\">Estilo streetwear<\/li>\n<\/ul>\n<ul data-mce-fragment=\"1\">\n<li data-mce-fragment=\"1\">Dise\u00f1o m\u00e1xima calidad<\/li>\n<\/ul>\n<ul data-mce-fragment=\"1\">\n<li data-mce-fragment=\"1\">Unidades limitadas\u00a0<\/li>\n<\/ul>\n<p data-mce-fragment=\"1\">\u00a0<\/p>\n<p data-mce-fragment=\"1\">Gu\u00eda de tallas<\/p>\n<div data-mce-fragment=\"1\">\n<table data-mce-fragment=\"1\" style=\"width: 562px\">\n<tbody data-mce-fragment=\"1\">\n<tr data-mce-fragment=\"1\">\n<td data-mce-fragment=\"1\" style=\"text-align: center;width: 200px\">\n<strong data-mce-fragment=\"1\">Talla<\/strong><span data-mce-fragment=\"1\"><\/span>\n<\/td>\n<td data-mce-fragment=\"1\" style=\"text-align: center;width: 68px\"><strong data-mce-fragment=\"1\">XS<\/strong><\/td>\n<td data-mce-fragment=\"1\" style=\"text-align: center;width: 60px\"><b>S<\/b><\/td>\n<td data-mce-fragment=\"1\" style=\"text-align: center;width: 59px\"><b>M<\/b><\/td>\n<td data-mce-fragment=\"1\" style=\"text-align: center;width: 61.5625px\"><b data-mce-fragment=\"1\">L<\/b><\/td>\n<td data-mce-fragment=\"1\" style=\"text-align: center;width: 58.4375px\"><b>XL<\/b><\/td>\n<\/tr>\n<tr data-mce-fragment=\"1\">\n<td data-mce-fragment=\"1\" style=\"text-align: center;width: 200px\"><strong data-mce-fragment=\"1\">Longitud (cm)<\/strong><\/td>\n<td data-mce-fragment=\"1\" style=\"text-align: center;width: 68px\">67\n<\/td>\n<td data-mce-fragment=\"1\" style=\"text-align: center;width: 60px\">69\n<\/td>\n<td data-mce-fragment=\"1\" style=\"text-align: center;width: 59px\">71\n<\/td>\n<td data-mce-fragment=\"1\" style=\"text-align: center;width: 61.5625px\">73\n<\/td>\n<td data-mce-fragment=\"1\" style=\"text-align: center;width: 58.4375px\">75<\/td>\n<\/tr>\n<tr data-mce-fragment=\"1\">\n<td data-mce-fragment=\"1\" style=\"text-align: center;width: 200px\"><strong data-mce-fragment=\"1\">Anchura de hombros (cm)<\/strong><\/td>\n<td data-mce-fragment=\"1\" style=\"text-align: center;width: 68px\">107\n<\/td>\n<td data-mce-fragment=\"1\" style=\"text-align: center;width: 60px\">112\n<\/td>\n<td data-mce-fragment=\"1\" style=\"text-align: center;width: 59px\">117\n<\/td>\n<td data-mce-fragment=\"1\" style=\"text-align: center;width: 61.5625px\">122\n<\/td>\n<td data-mce-fragment=\"1\" style=\"text-align: center;width: 58.4375px\">127<\/td>\n<\/tr>\n<\/tbody>\n<\/table>\n<\/div>\n","protected":false},"excerpt":{"rendered":"<p>Trapstar Mood. El mood del a\u00f1o. Si\u00e9ntete \u00fanico con nuestro Black Irongate Detachable Jacket\ud83e\udd77\ud83c\udffd Detalles:\u00a0 100% algod\u00f3n premium Logotipos bordados Estilo streetwear Dise\u00f1o m\u00e1xima calidad Unidades limitadas\u00a0 \u00a0 Gu\u00eda de tallas Talla XS S M L XL Longitud (cm) 67 69 71 73 75 Anchura de hombros (cm) 107 112 117 122 127<\/p>\n","protected":false},"featured_media":43843,"template":"","meta":[],"product_brand":[],"product_cat":[199,15],"product_tag":[],"class_list":{"0":"post-43852","1":"product","2":"type-product","3":"status-publish","4":"has-post-thumbnail","6":"product_cat-trapstar","7":"product_cat-uncategorized","9":"first","10":"instock","11":"sale","12":"shipping-taxable","13":"purchasable","14":"product-type-variable"},"aioseo_notices":[],"jetpack_sharing_enabled":true,"_links":{"self":[{"href":"https:\/\/dripplug13.com\/index.php?rest_route=\/wp\/v2\/product\/43852","targetHints":{"allow":["GET"]}}],"collection":[{"href":"https:\/\/dripplug13.com\/index.php?rest_route=\/wp\/v2\/product"}],"about":[{"href":"https:\/\/dripplug13.com\/index.php?rest_route=\/wp\/v2\/types\/product"}],"version-history":[{"count":1,"href":"https:\/\/dripplug13.com\/index.php?rest_route=\/wp\/v2\/product\/43852\/revisions"}],"predecessor-version":[{"id":45069,"href":"https:\/\/dripplug13.com\/index.php?rest_route=\/wp\/v2\/product\/43852\/revisions\/45069"}],"wp:featuredmedia":[{"embeddable":true,"href":"https:\/\/dripplug13.com\/index.php?rest_route=\/wp\/v2\/media\/43843"}],"wp:attachment":[{"href":"https:\/\/dripplug13.com\/index.php?rest_route=%2Fwp%2Fv2%2Fmedia&parent=43852"}],"wp:term":[{"taxonomy":"product_brand","embeddable":true,"href":"https:\/\/dripplug13.com\/index.php?rest_route=%2Fwp%2Fv2%2Fproduct_brand&post=43852"},{"taxonomy":"product_cat","embeddable":true,"href":"https:\/\/dripplug13.com\/index.php?rest_route=%2Fwp%2Fv2%2Fproduct_cat&post=43852"},{"taxonomy":"product_tag","embeddable":true,"href":"https:\/\/dripplug13.com\/index.php?rest_route=%2Fwp%2Fv2%2Fproduct_tag&post=43852"}],"curies":[{"name":"wp","href":"https:\/\/api.w.org\/{rel}","templated":true}]}}