{"id":43831,"date":"2025-05-10T11:20:20","date_gmt":"2025-05-10T11:20:20","guid":{"rendered":"https:\/\/dripplug13.com\/product\/irongate-gradient-sky-blue-t-shirt\/"},"modified":"2025-05-10T11:59:18","modified_gmt":"2025-05-10T11:59:18","slug":"irongate-gradient-sky-blue-t-shirt","status":"publish","type":"product","link":"https:\/\/dripplug13.com\/?product=irongate-gradient-sky-blue-t-shirt","title":{"rendered":"Irongate Gradient Sky Blue T-shirt"},"content":{"rendered":"<p>Trapstar Mood. El mood del a\u00f1o. Si\u00e9ntete \u00fanico con nuestra Irongate Gradient T-Shirt.<\/p>\n<p>Detalles:\u00a0<\/p>\n<ul>\n<li>Logotipos bordados<\/li>\n<\/ul>\n<ul>\n<li>Dise\u00f1o m\u00e1xima calidad<\/li>\n<\/ul>\n<ul>\n<li>Unidades limitadas<\/li>\n<\/ul>\n","protected":false},"excerpt":{"rendered":"<p>Trapstar Mood. El mood del a\u00f1o. Si\u00e9ntete \u00fanico con nuestra Irongate Gradient T-Shirt. Detalles:\u00a0 Logotipos bordados Dise\u00f1o m\u00e1xima calidad Unidades limitadas<\/p>\n","protected":false},"featured_media":43829,"template":"","meta":[],"product_brand":[],"product_cat":[199,15],"product_tag":[],"class_list":{"0":"post-43831","1":"product","2":"type-product","3":"status-publish","4":"has-post-thumbnail","6":"product_cat-trapstar","7":"product_cat-uncategorized","9":"first","10":"instock","11":"sale","12":"shipping-taxable","13":"purchasable","14":"product-type-variable"},"aioseo_notices":[],"jetpack_sharing_enabled":true,"_links":{"self":[{"href":"https:\/\/dripplug13.com\/index.php?rest_route=\/wp\/v2\/product\/43831","targetHints":{"allow":["GET"]}}],"collection":[{"href":"https:\/\/dripplug13.com\/index.php?rest_route=\/wp\/v2\/product"}],"about":[{"href":"https:\/\/dripplug13.com\/index.php?rest_route=\/wp\/v2\/types\/product"}],"version-history":[{"count":1,"href":"https:\/\/dripplug13.com\/index.php?rest_route=\/wp\/v2\/product\/43831\/revisions"}],"predecessor-version":[{"id":45072,"href":"https:\/\/dripplug13.com\/index.php?rest_route=\/wp\/v2\/product\/43831\/revisions\/45072"}],"wp:featuredmedia":[{"embeddable":true,"href":"https:\/\/dripplug13.com\/index.php?rest_route=\/wp\/v2\/media\/43829"}],"wp:attachment":[{"href":"https:\/\/dripplug13.com\/index.php?rest_route=%2Fwp%2Fv2%2Fmedia&parent=43831"}],"wp:term":[{"taxonomy":"product_brand","embeddable":true,"href":"https:\/\/dripplug13.com\/index.php?rest_route=%2Fwp%2Fv2%2Fproduct_brand&post=43831"},{"taxonomy":"product_cat","embeddable":true,"href":"https:\/\/dripplug13.com\/index.php?rest_route=%2Fwp%2Fv2%2Fproduct_cat&post=43831"},{"taxonomy":"product_tag","embeddable":true,"href":"https:\/\/dripplug13.com\/index.php?rest_route=%2Fwp%2Fv2%2Fproduct_tag&post=43831"}],"curies":[{"name":"wp","href":"https:\/\/api.w.org\/{rel}","templated":true}]}}