{"id":43440,"date":"2025-05-10T11:10:24","date_gmt":"2025-05-10T11:10:24","guid":{"rendered":"https:\/\/dripplug13.com\/product\/london-shooters-grey-tracksuit\/"},"modified":"2025-05-10T11:59:39","modified_gmt":"2025-05-10T11:59:39","slug":"london-shooters-grey-tracksuit","status":"publish","type":"product","link":"https:\/\/dripplug13.com\/?product=london-shooters-grey-tracksuit","title":{"rendered":"London Shooters Grey Tracksuit"},"content":{"rendered":"<p>Starlife Mood. El mood del a\u00f1o. Si\u00e9ntete \u00fanico con nuestro London Shooters Tracksuit<span data-mce-fragment=\"1\">\ud83e\udd77\ud83c\udffd<\/span>.<\/p>\n<p>Detalles:\u00a0<\/p>\n<ul>\n<li>100% Algod\u00f3n Premium<\/li>\n<\/ul>\n<ul>\n<li>Logotipo bordado<\/li>\n<\/ul>\n<ul>\n<li>Estilo streetwear<\/li>\n<\/ul>\n<ul>\n<li>Dise\u00f1o alta calidad<\/li>\n<\/ul>\n<ul>\n<li>Unidades limitadas<\/li>\n<\/ul>\n<p>\u00a0<\/p>\n<p>Gu\u00eda de tallas<\/p>\n<table style=\"width: 562px\">\n<tbody>\n<tr style=\"height: 21px\">\n<td style=\"text-align: center;width: 187px;height: 21px\">\n<div><strong>Talla<\/strong><\/div>\n<\/td>\n<td style=\"text-align: center;width: 85px;height: 21px\">\n<div><strong>S<\/strong><\/div>\n<\/td>\n<td style=\"text-align: center;width: 87px;height: 21px\">\n<div><strong>M<\/strong><\/div>\n<\/td>\n<td style=\"text-align: center;width: 77.015625px;height: 21px\">\n<div><strong>L<\/strong><\/div>\n<\/td>\n<td style=\"text-align: center;width: 85.984375px;height: 21px\">\n<div><strong>XL<\/strong><\/div>\n<\/td>\n<\/tr>\n<tr style=\"height: 29px\">\n<td style=\"text-align: center;width: 187px;height: 29px\">\n<div><strong>Longitud (cm)<\/strong><\/div>\n<\/td>\n<td style=\"text-align: center;width: 85px;height: 29px\">\n<div>70<\/div>\n<\/td>\n<td style=\"text-align: center;width: 87px;height: 29px\">\n<div>72<\/div>\n<\/td>\n<td style=\"text-align: center;width: 77.015625px;height: 29px\">\n<div>74<\/div>\n<\/td>\n<td style=\"text-align: center;width: 85.984375px;height: 29px\">\n<div>76<\/div>\n<\/td>\n<\/tr>\n<tr style=\"height: 31px\">\n<td style=\"text-align: center;width: 187px;height: 31px\">\n<div><strong>Anchura de hombros (cm)<\/strong><\/div>\n<\/td>\n<td style=\"text-align: center;width: 85px;height: 31px\">\n<div>44<\/div>\n<\/td>\n<td style=\"text-align: center;width: 87px;height: 31px\">\n<div>47<\/div>\n<\/td>\n<td style=\"text-align: center;width: 77.015625px;height: 31px\">\n<div>50<\/div>\n<\/td>\n<td style=\"text-align: center;width: 85.984375px;height: 31px\">\n<div>53<\/div>\n<\/td>\n<\/tr>\n<\/tbody>\n<\/table>\n","protected":false},"excerpt":{"rendered":"<p>Starlife Mood. El mood del a\u00f1o. Si\u00e9ntete \u00fanico con nuestro London Shooters Tracksuit\ud83e\udd77\ud83c\udffd. Detalles:\u00a0 100% Algod\u00f3n Premium Logotipo bordado Estilo streetwear Dise\u00f1o alta calidad Unidades limitadas \u00a0 Gu\u00eda de tallas Talla S M L XL Longitud (cm) 70 72 74 76 Anchura de hombros (cm) 44 47 50 53<\/p>\n","protected":false},"featured_media":43431,"template":"","meta":[],"product_brand":[],"product_cat":[199,15],"product_tag":[],"class_list":{"0":"post-43440","1":"product","2":"type-product","3":"status-publish","4":"has-post-thumbnail","6":"product_cat-trapstar","7":"product_cat-uncategorized","9":"first","10":"instock","11":"sale","12":"shipping-taxable","13":"purchasable","14":"product-type-variable"},"aioseo_notices":[],"jetpack_sharing_enabled":true,"_links":{"self":[{"href":"https:\/\/dripplug13.com\/index.php?rest_route=\/wp\/v2\/product\/43440","targetHints":{"allow":["GET"]}}],"collection":[{"href":"https:\/\/dripplug13.com\/index.php?rest_route=\/wp\/v2\/product"}],"about":[{"href":"https:\/\/dripplug13.com\/index.php?rest_route=\/wp\/v2\/types\/product"}],"version-history":[{"count":1,"href":"https:\/\/dripplug13.com\/index.php?rest_route=\/wp\/v2\/product\/43440\/revisions"}],"predecessor-version":[{"id":45315,"href":"https:\/\/dripplug13.com\/index.php?rest_route=\/wp\/v2\/product\/43440\/revisions\/45315"}],"wp:featuredmedia":[{"embeddable":true,"href":"https:\/\/dripplug13.com\/index.php?rest_route=\/wp\/v2\/media\/43431"}],"wp:attachment":[{"href":"https:\/\/dripplug13.com\/index.php?rest_route=%2Fwp%2Fv2%2Fmedia&parent=43440"}],"wp:term":[{"taxonomy":"product_brand","embeddable":true,"href":"https:\/\/dripplug13.com\/index.php?rest_route=%2Fwp%2Fv2%2Fproduct_brand&post=43440"},{"taxonomy":"product_cat","embeddable":true,"href":"https:\/\/dripplug13.com\/index.php?rest_route=%2Fwp%2Fv2%2Fproduct_cat&post=43440"},{"taxonomy":"product_tag","embeddable":true,"href":"https:\/\/dripplug13.com\/index.php?rest_route=%2Fwp%2Fv2%2Fproduct_tag&post=43440"}],"curies":[{"name":"wp","href":"https:\/\/api.w.org\/{rel}","templated":true}]}}