{"id":43028,"date":"2025-05-10T10:33:53","date_gmt":"2025-05-10T10:33:53","guid":{"rendered":"https:\/\/dripplug13.com\/product\/sp5der-tracksuit\/"},"modified":"2025-05-10T11:42:16","modified_gmt":"2025-05-10T11:42:16","slug":"sp5der-tracksuit","status":"publish","type":"product","link":"https:\/\/dripplug13.com\/?product=sp5der-tracksuit","title":{"rendered":"Sp5der Tracksuit"},"content":{"rendered":"<p>Spyder 555 Mood. El mood del a\u00f1o. Si\u00e9ntete \u00fanico con nuestro Sp5der Tracksuit\uf8ea.<\/p>\n<p>Detalles:\u00a0<\/p>\n<ul>\n<li>100% Algod\u00f3n Premium<\/li>\n<\/ul>\n<ul>\n<li>Logotipo bordado<\/li>\n<\/ul>\n<ul>\n<li>Dise\u00f1o alta calidad<\/li>\n<\/ul>\n<ul>\n<li>Unidades limitadas<\/li>\n<\/ul>\n","protected":false},"excerpt":{"rendered":"<p>Spyder 555 Mood. El mood del a\u00f1o. Si\u00e9ntete \u00fanico con nuestro Sp5der Tracksuit\uf8ea. Detalles:\u00a0 100% Algod\u00f3n Premium Logotipo bordado Dise\u00f1o alta calidad Unidades limitadas<\/p>\n","protected":false},"featured_media":43019,"template":"","meta":[],"product_brand":[],"product_cat":[198,15],"product_tag":[],"class_list":{"0":"post-43028","1":"product","2":"type-product","3":"status-publish","4":"has-post-thumbnail","6":"product_cat-sp5der","7":"product_cat-uncategorized","9":"first","10":"instock","11":"sale","12":"shipping-taxable","13":"purchasable","14":"product-type-variable"},"aioseo_notices":[],"jetpack_sharing_enabled":true,"_links":{"self":[{"href":"https:\/\/dripplug13.com\/index.php?rest_route=\/wp\/v2\/product\/43028","targetHints":{"allow":["GET"]}}],"collection":[{"href":"https:\/\/dripplug13.com\/index.php?rest_route=\/wp\/v2\/product"}],"about":[{"href":"https:\/\/dripplug13.com\/index.php?rest_route=\/wp\/v2\/types\/product"}],"version-history":[{"count":1,"href":"https:\/\/dripplug13.com\/index.php?rest_route=\/wp\/v2\/product\/43028\/revisions"}],"predecessor-version":[{"id":44649,"href":"https:\/\/dripplug13.com\/index.php?rest_route=\/wp\/v2\/product\/43028\/revisions\/44649"}],"wp:featuredmedia":[{"embeddable":true,"href":"https:\/\/dripplug13.com\/index.php?rest_route=\/wp\/v2\/media\/43019"}],"wp:attachment":[{"href":"https:\/\/dripplug13.com\/index.php?rest_route=%2Fwp%2Fv2%2Fmedia&parent=43028"}],"wp:term":[{"taxonomy":"product_brand","embeddable":true,"href":"https:\/\/dripplug13.com\/index.php?rest_route=%2Fwp%2Fv2%2Fproduct_brand&post=43028"},{"taxonomy":"product_cat","embeddable":true,"href":"https:\/\/dripplug13.com\/index.php?rest_route=%2Fwp%2Fv2%2Fproduct_cat&post=43028"},{"taxonomy":"product_tag","embeddable":true,"href":"https:\/\/dripplug13.com\/index.php?rest_route=%2Fwp%2Fv2%2Fproduct_tag&post=43028"}],"curies":[{"name":"wp","href":"https:\/\/api.w.org\/{rel}","templated":true}]}}